{"id":804,"date":"2026-04-01T19:11:54","date_gmt":"2026-04-01T19:11:54","guid":{"rendered":"https:\/\/viverax.com\/pl\/?page_id=804"},"modified":"2026-04-04T19:30:36","modified_gmt":"2026-04-04T19:30:36","slug":"wysylkaidostawa","status":"publish","type":"page","link":"https:\/\/viverax.com\/pl\/wysylkaidostawa\/","title":{"rendered":"Wysy\u0142ka i dostawa"},"content":{"rendered":"\t\t<div data-elementor-type=\"wp-page\" data-elementor-id=\"804\" class=\"elementor elementor-804\">\n\t\t\t\t<div class=\"elementor-element elementor-element-473f9567 e-flex e-con-boxed e-con e-parent\" data-id=\"473f9567\" data-element_type=\"container\" data-e-type=\"container\">\n\t\t\t\t\t<div class=\"e-con-inner\">\n\t\t\t\t<div class=\"elementor-element elementor-element-1c42d9af elementor-widget elementor-widget-text-editor\" data-id=\"1c42d9af\" data-element_type=\"widget\" data-e-type=\"widget\" data-widget_type=\"text-editor.default\">\n\t\t\t\t\t\t\t\t\t<div class=\"viverax-shipping-container\" style=\"font-family: Arial, sans-serif; line-height: 1.6; color: #333; max-width: 900px; margin: 0 auto; padding: 20px;\">\n<h1 style=\"font-size: 2.5em; margin-bottom: 5px; color: #222;\">Wysy\u0142ka i dostawa<\/h1>\n<p style=\"font-size: 0.9em; color: #666; margin-bottom: 30px;\"><strong>Ostatnia aktualizacja: 1 kwietnia 2026 r.<\/strong><\/p>\n\n<h2 style=\"font-size: 1.5em; margin-top: 30px; border-bottom: 1px solid #eaeaea; padding-bottom: 10px; color: #222;\">1. Jak dzia\u0142a wysy\u0142ka<\/h2>\n<strong>Viverax<\/strong> to cyfrowy wydawca i platforma afiliacyjna. Recenzujemy, por\u00f3wnujemy i polecamy r\u00f3\u017cne produkty zwi\u0105zane ze zdrowiem i urod\u0105, ale <strong>nie zajmujemy si\u0119 bezpo\u015bredni\u0105 produkcj\u0105, magazynowaniem ani wysy\u0142k\u0105 \u017cadnych towar\u00f3w fizycznych.<\/strong>\n\nKiedy klikasz link do produktu w naszej Witrynie i dokonujesz zakupu, finalizujesz transakcj\u0119 bezpo\u015brednio na oficjalnej stronie internetowej producenta lub sprzedawcy. W zwi\u0105zku z tym wszelkie procesy zwi\u0105zane z wysy\u0142k\u0105, obs\u0142ug\u0105 i dostaw\u0105 s\u0105 zarz\u0105dzane w ca\u0142o\u015bci przez tego zewn\u0119trznego sprzedawc\u0119.\n\n<h2 style=\"font-size: 1.5em; margin-top: 30px; border-bottom: 1px solid #eaeaea; padding-bottom: 10px; color: #222;\">2. Czas przetwarzania i dostawy<\/h2>\nPoniewa\u017c Twoje zam\u00f3wienie jest realizowane przez naszych zaufanych partner\u00f3w, dok\u0142adny czas przetwarzania i wysy\u0142ki b\u0119dzie si\u0119 r\u00f3\u017cni\u0107 w zale\u017cno\u015bci od konkretnego produktu, lokalizacji magazynu sprzedawcy i Twojego adresu dostawy (np. dostawy lokalne w Polsce lub UE w por\u00f3wnaniu do przesy\u0142ek mi\u0119dzynarodowych).\n<ul style=\"margin-left: 20px; padding-left: 0;\">\n\u00a0\t<li style=\"margin-bottom: 10px;\"><strong>Przetwarzanie zam\u00f3wienia:<\/strong> Wi\u0119kszo\u015b\u0107 naszych partner\u00f3w handlowych przetwarza i wysy\u0142a zam\u00f3wienia w ci\u0105gu <strong>24 do 48 godzin roboczych<\/strong> po potwierdzeniu p\u0142atno\u015bci.<\/li>\n\u00a0\t<li style=\"margin-bottom: 10px;\"><strong>Szacowany czas dostawy:<\/strong> Standardowa dostawa na rynkach lokalnych zajmuje zwykle od <strong>3 do 7 dni roboczych<\/strong>. W przypadku wysy\u0142ki mi\u0119dzynarodowej dostawa mo\u017ce zaj\u0105\u0107 od <strong>7 do 14 dni roboczych<\/strong>, w zale\u017cno\u015bci od lokalnej poczty lub kuriera.<\/li>\n<\/ul>\n<em>Uwaga: S\u0105 to szacunkowe ramy czasowe. Zdecydowanie zalecamy zapoznanie si\u0119 ze szczeg\u00f3\u0142ow\u0105 \u201ePolityk\u0105 wysy\u0142ki\u201d na stronie kasy sprzedawcy przed sfinalizowaniem zakupu.<\/em>\n<h2 style=\"font-size: 1.5em; margin-top: 30px; border-bottom: 1px solid #eaeaea; padding-bottom: 10px; color: #222;\">3. \u015aledzenie zam\u00f3wienia<\/h2>\nPo przetworzeniu i wys\u0142aniu zam\u00f3wienia przez sprzedawc\u0119 otrzymasz bezpo\u015brednio od niego wiadomo\u015b\u0107 e-mail z potwierdzeniem wysy\u0142ki. Wiadomo\u015b\u0107 ta zazwyczaj zawiera numer \u015bledzenia i link umo\u017cliwiaj\u0105cy monitorowanie statusu przesy\u0142ki.\n\nJe\u015bli nie otrzyma\u0142e\u015b numeru \u015bledzenia w ci\u0105gu kilku dni od z\u0142o\u017cenia zam\u00f3wienia, sprawd\u017a folder ze spamem\/niechcian\u0105 poczt\u0105 w poszukiwaniu wiadomo\u015bci e-mail od producenta produktu lub operatora p\u0142atno\u015bci.\n\n<h2 style=\"font-size: 1.5em; margin-top: 30px; border-bottom: 1px solid #eaeaea; padding-bottom: 10px; color: #222;\">4. C\u0142o, podatki i op\u0142aty<\/h2>\nJe\u015bli zamawiasz produkt u sprzedawcy znajduj\u0105cego si\u0119 poza Twoim krajem, Twoja paczka mo\u017ce podlega\u0107 lokalnym op\u0142atom celnym, c\u0142om importowym lub podatkom. Viverax nie ponosi odpowiedzialno\u015bci za te op\u0142aty. Wszelkie dodatkowe op\u0142aty wymagane do odprawy celnej ponosi wy\u0142\u0105cznie klient. Prosimy o sprawdzenie polityki sprzedawcy dotycz\u0105cej op\u0142at za wysy\u0142k\u0119 mi\u0119dzynarodow\u0105.\n<h2 style=\"font-size: 1.5em; margin-top: 30px; border-bottom: 1px solid #eaeaea; padding-bottom: 10px; color: #222;\">5. Zapytania dotycz\u0105ce wysy\u0142ki i wsparcie<\/h2>\nPoniewa\u017c Viverax nie ma dost\u0119pu do system\u00f3w inwentaryzacyjnych ani wysy\u0142kowych sprzedawc\u00f3w, <strong>nie mo\u017cemy \u015bledzi\u0107 Twojej paczki, zmieni\u0107 adresu wysy\u0142ki ani rozwi\u0105zywa\u0107 problem\u00f3w z op\u00f3\u017anieniami w dostawie.<\/strong>\n\nW przypadku jakichkolwiek pyta\u0144 zwi\u0105zanych z miejscem pobytu zam\u00f3wienia, zagubionymi paczkami lub modyfikacjami wysy\u0142ki, skontaktuj si\u0119 z zespo\u0142em obs\u0142ugi klienta firmy, u kt\u00f3rej dokonano zakupu (ich dane kontaktowe znajdziesz w e-mailu z potwierdzeniem zam\u00f3wienia).\n\n<h2 style=\"font-size: 1.5em; margin-top: 30px; border-bottom: 1px solid #eaeaea; padding-bottom: 10px; color: #222;\">6. Potrzebujesz pomocy w znalezieniu sprzedawcy?<\/h2>\nJe\u015bli zgubi\u0142e\u015b paragon lub nie pami\u0119tasz, kt\u00f3ry sprzedawca wys\u0142a\u0142 Tw\u00f3j produkt, mo\u017cemy spr\u00f3bowa\u0107 wskaza\u0107 Ci w\u0142a\u015bciwy kierunek na podstawie nazwy produktu. Mo\u017cesz skontaktowa\u0107 si\u0119 z nami pod adresem:\n\n<strong>Email:<\/strong> kontakt@viverax.com\n\n<\/div>\t\t\t\t\t\t\t\t<\/div>\n\t\t\t\t\t<\/div>\n\t\t\t\t<\/div>\n\t\t\t\t<\/div>\n\t\t","protected":false},"excerpt":{"rendered":"<p>Wysy\u0142ka i dostawa Ostatnia aktualizacja: 1 kwietnia 2026 r. 1. Jak dzia\u0142a wysy\u0142ka Viverax to cyfrowy wydawca i platforma afiliacyjna. [&hellip;]<\/p>\n","protected":false},"author":1,"featured_media":0,"parent":0,"menu_order":0,"comment_status":"closed","ping_status":"closed","template":"","meta":{"site-sidebar-layout":"no-sidebar","site-content-layout":"","ast-site-content-layout":"full-width-container","site-content-style":"default","site-sidebar-style":"default","ast-global-header-display":"","ast-banner-title-visibility":"","ast-main-header-display":"","ast-hfb-above-header-display":"","ast-hfb-below-header-display":"","ast-hfb-mobile-header-display":"","site-post-title":"disabled","ast-breadcrumbs-content":"","ast-featured-img":"disabled","footer-sml-layout":"","ast-disable-related-posts":"","theme-transparent-header-meta":"","adv-header-id-meta":"","stick-header-meta":"","header-above-stick-meta":"","header-main-stick-meta":"","header-below-stick-meta":"","astra-migrate-meta-layouts":"default","ast-page-background-enabled":"default","ast-page-background-meta":{"desktop":{"background-color":"var(--ast-global-color-5)","background-image":"","background-repeat":"repeat","background-position":"center center","background-size":"auto","background-attachment":"scroll","background-type":"","background-media":"","overlay-type":"","overlay-color":"","overlay-opacity":"","overlay-gradient":""},"tablet":{"background-color":"","background-image":"","background-repeat":"repeat","background-position":"center center","background-size":"auto","background-attachment":"scroll","background-type":"","background-media":"","overlay-type":"","overlay-color":"","overlay-opacity":"","overlay-gradient":""},"mobile":{"background-color":"","background-image":"","background-repeat":"repeat","background-position":"center center","background-size":"auto","background-attachment":"scroll","background-type":"","background-media":"","overlay-type":"","overlay-color":"","overlay-opacity":"","overlay-gradient":""}},"ast-content-background-meta":{"desktop":{"background-color":"var(--ast-global-color-4)","background-image":"","background-repeat":"repeat","background-position":"center center","background-size":"auto","background-attachment":"scroll","background-type":"","background-media":"","overlay-type":"","overlay-color":"","overlay-opacity":"","overlay-gradient":""},"tablet":{"background-color":"var(--ast-global-color-4)","background-image":"","background-repeat":"repeat","background-position":"center center","background-size":"auto","background-attachment":"scroll","background-type":"","background-media":"","overlay-type":"","overlay-color":"","overlay-opacity":"","overlay-gradient":""},"mobile":{"background-color":"var(--ast-global-color-4)","background-image":"","background-repeat":"repeat","background-position":"center center","background-size":"auto","background-attachment":"scroll","background-type":"","background-media":"","overlay-type":"","overlay-color":"","overlay-opacity":"","overlay-gradient":""}},"footnotes":""},"class_list":["post-804","page","type-page","status-publish","hentry"],"_links":{"self":[{"href":"https:\/\/viverax.com\/pl\/wp-json\/wp\/v2\/pages\/804","targetHints":{"allow":["GET"]}}],"collection":[{"href":"https:\/\/viverax.com\/pl\/wp-json\/wp\/v2\/pages"}],"about":[{"href":"https:\/\/viverax.com\/pl\/wp-json\/wp\/v2\/types\/page"}],"author":[{"embeddable":true,"href":"https:\/\/viverax.com\/pl\/wp-json\/wp\/v2\/users\/1"}],"replies":[{"embeddable":true,"href":"https:\/\/viverax.com\/pl\/wp-json\/wp\/v2\/comments?post=804"}],"version-history":[{"count":9,"href":"https:\/\/viverax.com\/pl\/wp-json\/wp\/v2\/pages\/804\/revisions"}],"predecessor-version":[{"id":969,"href":"https:\/\/viverax.com\/pl\/wp-json\/wp\/v2\/pages\/804\/revisions\/969"}],"wp:attachment":[{"href":"https:\/\/viverax.com\/pl\/wp-json\/wp\/v2\/media?parent=804"}],"curies":[{"name":"wp","href":"https:\/\/api.w.org\/{rel}","templated":true}]}}