{"id":678,"date":"2026-04-01T17:30:55","date_gmt":"2026-04-01T17:30:55","guid":{"rendered":"https:\/\/viverax.com\/pl\/?page_id=678"},"modified":"2026-04-04T19:29:48","modified_gmt":"2026-04-04T19:29:48","slug":"zastrzezenie","status":"publish","type":"page","link":"https:\/\/viverax.com\/pl\/zastrzezenie\/","title":{"rendered":"Zastrze\u017cenie"},"content":{"rendered":"\t\t<div data-elementor-type=\"wp-page\" data-elementor-id=\"678\" class=\"elementor elementor-678\">\n\t\t\t\t<div class=\"elementor-element elementor-element-7c7e15ea e-flex e-con-boxed e-con e-parent\" data-id=\"7c7e15ea\" data-element_type=\"container\" data-e-type=\"container\">\n\t\t\t\t\t<div class=\"e-con-inner\">\n\t\t\t\t<div class=\"elementor-element elementor-element-3cb8d096 elementor-widget elementor-widget-text-editor\" data-id=\"3cb8d096\" data-element_type=\"widget\" data-e-type=\"widget\" data-widget_type=\"text-editor.default\">\n\t\t\t\t\t\t\t\t\t<h2>Ujawnienie informacji o afiliacji dla viverax.com\/pl<\/h2>\n<strong>Ostatnia aktualizacja:<\/strong> 1 kwietnia 2026 r.\n\nNiniejsze Ujawnienie informacji o wynagrodzeniu z tytu\u0142u afiliacji jest dostarczane przez viverax.com\/pl (\u201emy\u201d, \u201enas\u201d lub \u201enasz\u201d) w celu zapewnienia pe\u0142nej przejrzysto\u015bci wobec naszych u\u017cytkownik\u00f3w oraz zachowania zgodno\u015bci z wytycznymi Federalnej Komisji Handlu (FTC), a tak\u017ce odpowiednimi mi\u0119dzynarodowymi przepisami dotycz\u0105cymi rekomendacji i opinii w reklamie.\n\n<h3>1. Linki afiliacyjne i prowizje<\/h3>\nviverax.com\/pl to wyspecjalizowane centrum recenzji i rekomendacji. Aby wspiera\u0107 dzia\u0142anie naszej witryny i kontynuowa\u0107 dostarczanie bezp\u0142atnych tre\u015bci wysokiej jako\u015bci, uczestniczymy w r\u00f3\u017cnych programach marketingu afiliacyjnego. Oznacza to, \u017ce w naszych artyku\u0142ach, recenzjach produkt\u00f3w i przewodnikach por\u00f3wnawczych mo\u017cemy umieszcza\u0107 linki \u015bledz\u0105ce.\n\nJe\u015bli klikniesz w link afiliacyjny na viverax.com\/pl i dokonasz zakupu na stronie zewn\u0119trznego sprzedawcy, mo\u017cemy otrzyma\u0107 prowizj\u0119, op\u0142at\u0119 za polecenie lub wynagrodzenie. <strong>Nie wi\u0105\u017ce si\u0119 to z absolutnie \u017cadnymi dodatkowymi kosztami dla Ciebie.<\/strong> Cena produktu lub us\u0142ugi pozostaje dok\u0142adnie taka sama, niezale\u017cnie od tego, czy dokonasz zakupu za po\u015brednictwem naszego linku afiliacyjnego, czy bezpo\u015brednio u sprzedawcy.\n\n<h3>2. Nasi partnerzy afiliacyjni<\/h3>\nWsp\u00f3\u0142pracujemy z kilkoma globalnymi sieciami afiliacyjnymi oraz niezale\u017cnymi tw\u00f3rcami produkt\u00f3w. Cho\u0107 oceniamy i recenzujemy szerok\u0105 gam\u0119 produkt\u00f3w, nasze partnerstwa afiliacyjne obejmuj\u0105 sieci specjalizuj\u0105ce si\u0119 w produktach cyfrowych, suplementach zdrowotnych i wellness, towarach fizycznych oraz rozwi\u0105zaniach programowych.\n\n<h3>3. Niezale\u017cno\u015b\u0107 i rzetelno\u015b\u0107 redakcyjna (E-E-A-T)<\/h3>\nZobowi\u0105zanie wobec Ciebie, czytelnika, jest naszym najwy\u017cszym priorytetem. Wynagrodzenie, kt\u00f3re otrzymujemy z partnerstw afiliacyjnych, <strong>nie wp\u0142ywa<\/strong> na nasze tre\u015bci redakcyjne, oceny produkt\u00f3w ani wyniki naszych recenzji.\n<ul>\n \t<li>Nie przyjmujemy p\u0142atno\u015bci w zamian za gwarantowane pozytywne recenzje.<\/li>\n \t<li>Prowadzimy w\u0142asne badania, analizy i syntez\u0119 trend\u00f3w rynkowych, aby dostarcza\u0107 obiektywne rekomendacje.<\/li>\n \t<li>Staramy si\u0119 podkre\u015bla\u0107 zar\u00f3wno zalety, jak i wady prezentowanych przez nas produkt\u00f3w, aby pom\u00f3c Ci w podj\u0119ciu \u015bwiadomej decyzji.<\/li>\n<\/ul>\n\n<h3>4. Odpowiedzialno\u015b\u0107 u\u017cytkownika<\/h3>\nChocia\u017c dok\u0142adamy wszelkich stara\u0144, aby dostarcza\u0107 rzetelne i aktualne informacje oparte na naszych badaniach, decyzja o zakupie produktu lub us\u0142ugi nale\u017cy ostatecznie do Ciebie. Gor\u0105co zach\u0119camy do przeprowadzenia w\u0142asnej analizy i zapoznania si\u0119 z oficjaln\u0105 stron\u0105 internetow\u0105 sprzedawcy przed dokonaniem jakiegokolwiek zakupu online. viverax.com\/pl nie ponosi odpowiedzialno\u015bci za ewentualne niezadowolenie, problemy z wysy\u0142k\u0105 lub wnioski o zwrot pieni\u0119dzy zwi\u0105zane z produktami zakupionymi u zewn\u0119trznych sprzedawc\u00f3w.\n\n<h3>5. Kontakt z nami<\/h3>\nJe\u015bli masz jakiekolwiek pytania dotycz\u0105ce naszych relacji afiliacyjnych, procesu recenzowania lub sposobu monetyzacji viverax.com\/pl, prosimy o kontakt pod adresem:\n\n<strong>Email:<\/strong> contact@viverax.com\/pl\t\t\t\t\t\t\t\t<\/div>\n\t\t\t\t\t<\/div>\n\t\t\t\t<\/div>\n\t\t\t\t<\/div>\n\t\t","protected":false},"excerpt":{"rendered":"<p>Ujawnienie informacji o afiliacji dla viverax.com\/pl Ostatnia aktualizacja: 1 kwietnia 2026 r. Niniejsze Ujawnienie informacji o wynagrodzeniu z tytu\u0142u afiliacji [&hellip;]<\/p>\n","protected":false},"author":1,"featured_media":0,"parent":0,"menu_order":0,"comment_status":"closed","ping_status":"closed","template":"","meta":{"site-sidebar-layout":"no-sidebar","site-content-layout":"","ast-site-content-layout":"full-width-container","site-content-style":"default","site-sidebar-style":"default","ast-global-header-display":"","ast-banner-title-visibility":"","ast-main-header-display":"","ast-hfb-above-header-display":"","ast-hfb-below-header-display":"","ast-hfb-mobile-header-display":"","site-post-title":"disabled","ast-breadcrumbs-content":"","ast-featured-img":"disabled","footer-sml-layout":"","ast-disable-related-posts":"","theme-transparent-header-meta":"","adv-header-id-meta":"","stick-header-meta":"","header-above-stick-meta":"","header-main-stick-meta":"","header-below-stick-meta":"","astra-migrate-meta-layouts":"default","ast-page-background-enabled":"default","ast-page-background-meta":{"desktop":{"background-color":"var(--ast-global-color-5)","background-image":"","background-repeat":"repeat","background-position":"center center","background-size":"auto","background-attachment":"scroll","background-type":"","background-media":"","overlay-type":"","overlay-color":"","overlay-opacity":"","overlay-gradient":""},"tablet":{"background-color":"","background-image":"","background-repeat":"repeat","background-position":"center center","background-size":"auto","background-attachment":"scroll","background-type":"","background-media":"","overlay-type":"","overlay-color":"","overlay-opacity":"","overlay-gradient":""},"mobile":{"background-color":"","background-image":"","background-repeat":"repeat","background-position":"center center","background-size":"auto","background-attachment":"scroll","background-type":"","background-media":"","overlay-type":"","overlay-color":"","overlay-opacity":"","overlay-gradient":""}},"ast-content-background-meta":{"desktop":{"background-color":"var(--ast-global-color-4)","background-image":"","background-repeat":"repeat","background-position":"center center","background-size":"auto","background-attachment":"scroll","background-type":"","background-media":"","overlay-type":"","overlay-color":"","overlay-opacity":"","overlay-gradient":""},"tablet":{"background-color":"var(--ast-global-color-4)","background-image":"","background-repeat":"repeat","background-position":"center center","background-size":"auto","background-attachment":"scroll","background-type":"","background-media":"","overlay-type":"","overlay-color":"","overlay-opacity":"","overlay-gradient":""},"mobile":{"background-color":"var(--ast-global-color-4)","background-image":"","background-repeat":"repeat","background-position":"center center","background-size":"auto","background-attachment":"scroll","background-type":"","background-media":"","overlay-type":"","overlay-color":"","overlay-opacity":"","overlay-gradient":""}},"footnotes":""},"class_list":["post-678","page","type-page","status-publish","hentry"],"_links":{"self":[{"href":"https:\/\/viverax.com\/pl\/wp-json\/wp\/v2\/pages\/678","targetHints":{"allow":["GET"]}}],"collection":[{"href":"https:\/\/viverax.com\/pl\/wp-json\/wp\/v2\/pages"}],"about":[{"href":"https:\/\/viverax.com\/pl\/wp-json\/wp\/v2\/types\/page"}],"author":[{"embeddable":true,"href":"https:\/\/viverax.com\/pl\/wp-json\/wp\/v2\/users\/1"}],"replies":[{"embeddable":true,"href":"https:\/\/viverax.com\/pl\/wp-json\/wp\/v2\/comments?post=678"}],"version-history":[{"count":11,"href":"https:\/\/viverax.com\/pl\/wp-json\/wp\/v2\/pages\/678\/revisions"}],"predecessor-version":[{"id":966,"href":"https:\/\/viverax.com\/pl\/wp-json\/wp\/v2\/pages\/678\/revisions\/966"}],"wp:attachment":[{"href":"https:\/\/viverax.com\/pl\/wp-json\/wp\/v2\/media?parent=678"}],"curies":[{"name":"wp","href":"https:\/\/api.w.org\/{rel}","templated":true}]}}