{"id":631,"date":"2026-04-01T17:12:02","date_gmt":"2026-04-01T17:12:02","guid":{"rendered":"https:\/\/viverax.com\/pl\/?page_id=631"},"modified":"2026-04-04T19:29:16","modified_gmt":"2026-04-04T19:29:16","slug":"skontaktujsieznami","status":"publish","type":"page","link":"https:\/\/viverax.com\/pl\/skontaktujsieznami\/","title":{"rendered":"Skontaktuj si\u0119 z nami"},"content":{"rendered":"\t\t<div data-elementor-type=\"wp-page\" data-elementor-id=\"631\" class=\"elementor elementor-631\">\n\t\t\t\t<div class=\"elementor-element elementor-element-6233de11 e-flex e-con-boxed e-con e-parent\" data-id=\"6233de11\" data-element_type=\"container\" data-e-type=\"container\">\n\t\t\t\t\t<div class=\"e-con-inner\">\n\t\t\t\t<div class=\"elementor-element elementor-element-616f6bd8 elementor-widget elementor-widget-text-editor\" data-id=\"616f6bd8\" data-element_type=\"widget\" data-e-type=\"widget\" data-widget_type=\"text-editor.default\">\n\t\t\t\t\t\t\t\t\t<h2>Skontaktuj si\u0119 z nami<\/h2>\nZawsze jeste\u015bmy tutaj, aby pom\u00f3c. Niezale\u017cnie od tego, czy masz pytanie dotycz\u0105ce jednej z naszych recenzji, potrzebujesz pomocy w wyborze produktu, czy chcesz om\u00f3wi\u0107 partnerstwo biznesowe \u2013 ch\u0119tnie Ci\u0119 wys\u0142uchamy.\n\n<h3>B\u0105d\u017amy w kontakcie<\/h3>\nMo\u017cesz skontaktowa\u0107 si\u0119 z zespo\u0142em wsparcia viverax.com\/pl za po\u015brednictwem poni\u017cszych kana\u0142\u00f3w. Staramy si\u0119 odpowiada\u0107 na wszystkie zapytania w ci\u0105gu 24 do 48 godzin roboczych.\n<ul>\n<li style=\"list-style-type: none;\">\n<ul>\n<li><strong>Wsparcie e-mail:<\/strong> W przypadku og\u00f3lnych zapyta\u0144, opinii lub wsparcia, prosimy o bezpo\u015bredni kontakt mailowy pod adresem:\n<a href=\"mailto:contact@viverax.com\/pl\">contact@viverax.com\/pl<\/a><\/li>\n<\/ul>\n<\/li>\n<\/ul>\n&nbsp;\n<ul>\n<li><strong>Zapytania biznesowe:<\/strong> W sprawach dotycz\u0105cych partnerstwa, wsp\u00f3\u0142pracy z sieciami afiliacyjnymi lub mo\u017cliwo\u015bci reklamowych, prosimy o kontakt:\n<a href=\"mailto:partners@viverax.com\/pl\">partners@viverax.com\/pl<\/a><\/li>\n<\/ul>\n\n<h3>Informacje o firmie<\/h3>\nAby zachowa\u0107 zgodno\u015b\u0107 z mi\u0119dzynarodowymi zasadami przejrzysto\u015bci reklam i zapewni\u0107 naszym u\u017cytkownikom najwy\u017cszy poziom zaufania, poni\u017cej przedstawiamy nasze dane:\n<ul>\n<li><strong>Witryna:<\/strong> https:\/\/viverax.com\/pl<\/li>\n<\/ul>\n\n<h3>Wy\u015blij nam wiadomo\u015b\u0107<\/h3>\nAlternatywnie mo\u017cesz wype\u0142ni\u0107 poni\u017cszy formularz kontaktowy, a cz\u0142onek naszego zespo\u0142u odezwie si\u0119 do Ciebie tak szybko, jak to mo\u017cliwe.\t\t\t\t\t\t\t\t<\/div>\n\t\t\t\t\t<\/div>\n\t\t\t\t<\/div>\n\t\t\t\t<\/div>\n\t\t","protected":false},"excerpt":{"rendered":"<p>Skontaktuj si\u0119 z nami Zawsze jeste\u015bmy tutaj, aby pom\u00f3c. Niezale\u017cnie od tego, czy masz pytanie dotycz\u0105ce jednej z naszych recenzji, [&hellip;]<\/p>\n","protected":false},"author":1,"featured_media":0,"parent":0,"menu_order":0,"comment_status":"closed","ping_status":"closed","template":"","meta":{"site-sidebar-layout":"no-sidebar","site-content-layout":"","ast-site-content-layout":"full-width-container","site-content-style":"default","site-sidebar-style":"default","ast-global-header-display":"","ast-banner-title-visibility":"","ast-main-header-display":"","ast-hfb-above-header-display":"","ast-hfb-below-header-display":"","ast-hfb-mobile-header-display":"","site-post-title":"disabled","ast-breadcrumbs-content":"","ast-featured-img":"disabled","footer-sml-layout":"","ast-disable-related-posts":"","theme-transparent-header-meta":"","adv-header-id-meta":"","stick-header-meta":"","header-above-stick-meta":"","header-main-stick-meta":"","header-below-stick-meta":"","astra-migrate-meta-layouts":"default","ast-page-background-enabled":"default","ast-page-background-meta":{"desktop":{"background-color":"var(--ast-global-color-5)","background-image":"","background-repeat":"repeat","background-position":"center center","background-size":"auto","background-attachment":"scroll","background-type":"","background-media":"","overlay-type":"","overlay-color":"","overlay-opacity":"","overlay-gradient":""},"tablet":{"background-color":"","background-image":"","background-repeat":"repeat","background-position":"center center","background-size":"auto","background-attachment":"scroll","background-type":"","background-media":"","overlay-type":"","overlay-color":"","overlay-opacity":"","overlay-gradient":""},"mobile":{"background-color":"","background-image":"","background-repeat":"repeat","background-position":"center center","background-size":"auto","background-attachment":"scroll","background-type":"","background-media":"","overlay-type":"","overlay-color":"","overlay-opacity":"","overlay-gradient":""}},"ast-content-background-meta":{"desktop":{"background-color":"var(--ast-global-color-4)","background-image":"","background-repeat":"repeat","background-position":"center center","background-size":"auto","background-attachment":"scroll","background-type":"","background-media":"","overlay-type":"","overlay-color":"","overlay-opacity":"","overlay-gradient":""},"tablet":{"background-color":"var(--ast-global-color-4)","background-image":"","background-repeat":"repeat","background-position":"center center","background-size":"auto","background-attachment":"scroll","background-type":"","background-media":"","overlay-type":"","overlay-color":"","overlay-opacity":"","overlay-gradient":""},"mobile":{"background-color":"var(--ast-global-color-4)","background-image":"","background-repeat":"repeat","background-position":"center center","background-size":"auto","background-attachment":"scroll","background-type":"","background-media":"","overlay-type":"","overlay-color":"","overlay-opacity":"","overlay-gradient":""}},"footnotes":""},"class_list":["post-631","page","type-page","status-publish","hentry"],"_links":{"self":[{"href":"https:\/\/viverax.com\/pl\/wp-json\/wp\/v2\/pages\/631","targetHints":{"allow":["GET"]}}],"collection":[{"href":"https:\/\/viverax.com\/pl\/wp-json\/wp\/v2\/pages"}],"about":[{"href":"https:\/\/viverax.com\/pl\/wp-json\/wp\/v2\/types\/page"}],"author":[{"embeddable":true,"href":"https:\/\/viverax.com\/pl\/wp-json\/wp\/v2\/users\/1"}],"replies":[{"embeddable":true,"href":"https:\/\/viverax.com\/pl\/wp-json\/wp\/v2\/comments?post=631"}],"version-history":[{"count":15,"href":"https:\/\/viverax.com\/pl\/wp-json\/wp\/v2\/pages\/631\/revisions"}],"predecessor-version":[{"id":964,"href":"https:\/\/viverax.com\/pl\/wp-json\/wp\/v2\/pages\/631\/revisions\/964"}],"wp:attachment":[{"href":"https:\/\/viverax.com\/pl\/wp-json\/wp\/v2\/media?parent=631"}],"curies":[{"name":"wp","href":"https:\/\/api.w.org\/{rel}","templated":true}]}}