{"id":598,"date":"2026-04-01T17:09:11","date_gmt":"2026-04-01T17:09:11","guid":{"rendered":"https:\/\/viverax.com\/pl\/?page_id=598"},"modified":"2026-04-11T14:59:09","modified_gmt":"2026-04-11T14:59:09","slug":"onas","status":"publish","type":"page","link":"https:\/\/viverax.com\/pl\/onas\/","title":{"rendered":"O nas"},"content":{"rendered":"\t\t<div data-elementor-type=\"wp-page\" data-elementor-id=\"598\" class=\"elementor elementor-598\">\n\t\t\t\t<div class=\"elementor-element elementor-element-8af89f7 e-flex e-con-boxed e-con e-parent\" data-id=\"8af89f7\" data-element_type=\"container\" data-e-type=\"container\">\n\t\t\t\t\t<div class=\"e-con-inner\">\n\t\t\t\t<div class=\"elementor-element elementor-element-56ff138b elementor-widget elementor-widget-text-editor\" data-id=\"56ff138b\" data-element_type=\"widget\" data-e-type=\"widget\" data-widget_type=\"text-editor.default\">\n\t\t\t\t\t\t\t\t\t<h2>O viverax.com\/pl<\/h2>\nWitamy na viverax.com\/pl, Twoim zaufanym, globalnym \u017ar\u00f3dle kompleksowych recenzji produkt\u00f3w, spostrze\u017ce\u0144 i rekomendacji.\n\n<h3>Nasza misja<\/h3>\nW dzisiejszym szybkim, cyfrowym \u015bwiecie znalezienie rzetelnych informacji o produktach mo\u017ce by\u0107 przyt\u0142aczaj\u0105ce. Serwis viverax.com\/pl zosta\u0142 za\u0142o\u017cony z jasn\u0105 i konkretn\u0105 misj\u0105: u\u0142atwienie Ci podejmowania decyzji zakupowych. Staramy si\u0119 przebi\u0107 przez szum informacyjny i dostarcza\u0107 przejrzyste, rzetelne oraz obiektywne informacje, aby\u015b m\u00f3g\u0142 wybra\u0107 najlepsze rozwi\u0105zania dla swojego stylu \u017cycia, zdrowia i codziennych potrzeb.\n\n<h3>Co robimy<\/h3>\nJeste\u015bmy dedykowan\u0105 platform\u0105 cyfrow\u0105, kt\u00f3ra bada i ocenia szerok\u0105 gam\u0119 produkt\u00f3w na r\u00f3\u017cnych rynkach \u015bwiatowych. Nasz zesp\u00f3\u0142 sp\u0119dza godziny na analizowaniu trend\u00f3w konsumenckich, studiowaniu specyfikacji produkt\u00f3w i czytaniu opinii u\u017cytkownik\u00f3w, aby dostarcza\u0107 Ci starannie wyselekcjonowane zestawienia i dog\u0142\u0119bne recenzje.\n\nNiezale\u017cnie od tego, czy szukasz najnowszych produkt\u00f3w wellness, rozwi\u0105za\u0144 cyfrowych czy artyku\u0142\u00f3w codziennego u\u017cytku, naszym celem jest przedstawienie Ci najdok\u0142adniejszych i najbardziej aktualnych dost\u0119pnych informacji.\n\n<h3>Nasze zaanga\u017cowanie w przejrzysto\u015b\u0107 (E-E-A-T)<\/h3>\nW viverax.com\/pl wierzymy, \u017ce na zaufanie trzeba zapracowa\u0107. \u015aci\u015ble przestrzegamy zasad Do\u015bwiadczenia, Wiedzy, Autorytetu i Wiarygodno\u015bci (E-E-A-T):\n<ul>\n\u00a0\t<li><strong>Rygorystyczne badania:<\/strong> Nie tylko wymieniamy produkty; my je badamy. Nasze tre\u015bci s\u0105 tworzone z naciskiem na logik\u0119, fakty i rzeczywist\u0105 u\u017cyteczno\u015b\u0107.<\/li>\n\u00a0\t<li><strong>Uczciwo\u015b\u0107 i obiektywizm:<\/strong> Chocia\u017c dzia\u0142amy jako centrum afiliacyjne \u2014 co oznacza, \u017ce mo\u017cemy otrzyma\u0107 prowizj\u0119, je\u015bli dokonasz zakupu za po\u015brednictwem naszych link\u00f3w \u2014 nigdy nie wp\u0142ywa to na nasz\u0105 rzetelno\u015b\u0107 redakcyjn\u0105. Je\u015bli produkt ma wady, wskazujemy je.<\/li>\n\u00a0\t<li><strong>Zasi\u0119g globalny, podej\u015bcie lokalne:<\/strong> Rozumiemy, \u017ce \u015bwietny produkt w jednym kraju musi mie\u0107 sens r\u00f3wnie\u017c w innym. Nasza platforma jest skonstruowana tak, aby s\u0142u\u017cy\u0107 r\u00f3\u017cnorodnym rynkom, dostosowuj\u0105c nasze badania do specyficznych potrzeb konsument\u00f3w na ca\u0142ym \u015bwiecie.<\/li>\n<\/ul>\n\n<h3>Kto stoi za viverax.com\/pl?<\/h3>\nSerwisem viverax.com\/pl zarz\u0105dza dedykowany zesp\u00f3\u0142 pod przewodnictwem za\u0142o\u017cyciela, Pedro Thiago. Dzi\u0119ki bogatemu do\u015bwiadczeniu w optymalizacji pod k\u0105tem wyszukiwarek (SEO), marketingu cyfrowym i mi\u0119dzynarodowych trendach rynkowych, nasz zesp\u00f3\u0142 wykorzystuje zaawansowane metodologie, aby wyszukiwa\u0107 najlepsze oferty i najwy\u017cszej jako\u015bci produkty na ca\u0142ym \u015bwiecie. \u0141\u0105czymy wiedz\u0119 techniczn\u0105 z autentyczn\u0105 ch\u0119ci\u0105 pomagania naszym czytelnikom w dokonywaniu m\u0105drych, \u015bwiadomych wybor\u00f3w.\n\n<h3>Kontakt z nami<\/h3>\nTwoja opinia pomaga nam si\u0119 rozwija\u0107 i doskonali\u0107. Je\u015bli masz jakiekolwiek pytania dotycz\u0105ce naszych recenzji, naszego procesu lub po prostu chcesz si\u0119 z nami skontaktowa\u0107, odwied\u017a nasz\u0105 <a href=\"\/contact\">stron\u0119 kontaktow\u0105<\/a> lub wy\u015blij e-mail bezpo\u015brednio na adres contact@viverax.com\/pl\t\t\t\t\t\t\t\t<\/div>\n\t\t\t\t\t<\/div>\n\t\t\t\t<\/div>\n\t\t\t\t<\/div>\n\t\t","protected":false},"excerpt":{"rendered":"<p>O viverax.com\/pl Witamy na viverax.com\/pl, Twoim zaufanym, globalnym \u017ar\u00f3dle kompleksowych recenzji produkt\u00f3w, spostrze\u017ce\u0144 i rekomendacji. Nasza misja W dzisiejszym szybkim, [&hellip;]<\/p>\n","protected":false},"author":1,"featured_media":0,"parent":0,"menu_order":0,"comment_status":"closed","ping_status":"closed","template":"","meta":{"site-sidebar-layout":"no-sidebar","site-content-layout":"","ast-site-content-layout":"full-width-container","site-content-style":"default","site-sidebar-style":"default","ast-global-header-display":"","ast-banner-title-visibility":"","ast-main-header-display":"","ast-hfb-above-header-display":"","ast-hfb-below-header-display":"","ast-hfb-mobile-header-display":"","site-post-title":"disabled","ast-breadcrumbs-content":"","ast-featured-img":"disabled","footer-sml-layout":"","ast-disable-related-posts":"","theme-transparent-header-meta":"","adv-header-id-meta":"","stick-header-meta":"","header-above-stick-meta":"","header-main-stick-meta":"","header-below-stick-meta":"","astra-migrate-meta-layouts":"default","ast-page-background-enabled":"default","ast-page-background-meta":{"desktop":{"background-color":"var(--ast-global-color-5)","background-image":"","background-repeat":"repeat","background-position":"center center","background-size":"auto","background-attachment":"scroll","background-type":"","background-media":"","overlay-type":"","overlay-color":"","overlay-opacity":"","overlay-gradient":""},"tablet":{"background-color":"","background-image":"","background-repeat":"repeat","background-position":"center center","background-size":"auto","background-attachment":"scroll","background-type":"","background-media":"","overlay-type":"","overlay-color":"","overlay-opacity":"","overlay-gradient":""},"mobile":{"background-color":"","background-image":"","background-repeat":"repeat","background-position":"center center","background-size":"auto","background-attachment":"scroll","background-type":"","background-media":"","overlay-type":"","overlay-color":"","overlay-opacity":"","overlay-gradient":""}},"ast-content-background-meta":{"desktop":{"background-color":"var(--ast-global-color-4)","background-image":"","background-repeat":"repeat","background-position":"center center","background-size":"auto","background-attachment":"scroll","background-type":"","background-media":"","overlay-type":"","overlay-color":"","overlay-opacity":"","overlay-gradient":""},"tablet":{"background-color":"var(--ast-global-color-4)","background-image":"","background-repeat":"repeat","background-position":"center center","background-size":"auto","background-attachment":"scroll","background-type":"","background-media":"","overlay-type":"","overlay-color":"","overlay-opacity":"","overlay-gradient":""},"mobile":{"background-color":"var(--ast-global-color-4)","background-image":"","background-repeat":"repeat","background-position":"center center","background-size":"auto","background-attachment":"scroll","background-type":"","background-media":"","overlay-type":"","overlay-color":"","overlay-opacity":"","overlay-gradient":""}},"footnotes":""},"class_list":["post-598","page","type-page","status-publish","hentry"],"_links":{"self":[{"href":"https:\/\/viverax.com\/pl\/wp-json\/wp\/v2\/pages\/598","targetHints":{"allow":["GET"]}}],"collection":[{"href":"https:\/\/viverax.com\/pl\/wp-json\/wp\/v2\/pages"}],"about":[{"href":"https:\/\/viverax.com\/pl\/wp-json\/wp\/v2\/types\/page"}],"author":[{"embeddable":true,"href":"https:\/\/viverax.com\/pl\/wp-json\/wp\/v2\/users\/1"}],"replies":[{"embeddable":true,"href":"https:\/\/viverax.com\/pl\/wp-json\/wp\/v2\/comments?post=598"}],"version-history":[{"count":35,"href":"https:\/\/viverax.com\/pl\/wp-json\/wp\/v2\/pages\/598\/revisions"}],"predecessor-version":[{"id":963,"href":"https:\/\/viverax.com\/pl\/wp-json\/wp\/v2\/pages\/598\/revisions\/963"}],"wp:attachment":[{"href":"https:\/\/viverax.com\/pl\/wp-json\/wp\/v2\/media?parent=598"}],"curies":[{"name":"wp","href":"https:\/\/api.w.org\/{rel}","templated":true}]}}