{"id":589,"date":"2026-04-01T16:05:10","date_gmt":"2026-04-01T16:05:10","guid":{"rendered":"https:\/\/viverax.com\/pl\/?page_id=589"},"modified":"2026-04-04T19:29:36","modified_gmt":"2026-04-04T19:29:36","slug":"politykadotyczacaplikowcookie","status":"publish","type":"page","link":"https:\/\/viverax.com\/pl\/politykadotyczacaplikowcookie\/","title":{"rendered":"Polityka dotycz\u0105ca plik\u00f3w cookie"},"content":{"rendered":"\t\t<div data-elementor-type=\"wp-page\" data-elementor-id=\"589\" class=\"elementor elementor-589\">\n\t\t\t\t<div class=\"elementor-element elementor-element-3d30cc3f e-flex e-con-boxed e-con e-parent\" data-id=\"3d30cc3f\" data-element_type=\"container\" data-e-type=\"container\">\n\t\t\t\t\t<div class=\"e-con-inner\">\n\t\t\t\t<div class=\"elementor-element elementor-element-14aaac85 elementor-widget elementor-widget-text-editor\" data-id=\"14aaac85\" data-element_type=\"widget\" data-e-type=\"widget\" data-widget_type=\"text-editor.default\">\n\t\t\t\t\t\t\t\t\t<h2>Polityka dotycz\u0105ca plik\u00f3w cookie dla viverax.com\/pl<\/h2>\n<strong>Data wej\u015bcia w \u017cycie:<\/strong> 1 kwietnia 2026 r.\n\nNiniejsza Polityka dotycz\u0105ca plik\u00f3w cookie wyja\u015bnia, w jaki spos\u00f3b viverax.com\/pl (\u201emy\u201d, \u201enas\u201d i \u201enasz\u201d) wykorzystuje pliki cookie i podobne technologie, aby rozpozna\u0107 Ci\u0119 podczas odwiedzania naszej strony internetowej pod adresem https:\/\/viverax.com\/pl oraz jej subdomen. Wyja\u015bnia ona, czym s\u0105 te technologie i dlaczego ich u\u017cywamy, a tak\u017ce jakie masz prawa do kontrolowania korzystania z nich przez nas.\n\n<h3>1. Czym s\u0105 pliki cookie?<\/h3>\nPliki cookie (ciasteczka) to ma\u0142e pliki danych, kt\u00f3re s\u0105 umieszczane na Twoim komputerze lub urz\u0105dzeniu mobilnym podczas odwiedzania strony internetowej. Pliki cookie s\u0105 powszechnie stosowane przez w\u0142a\u015bcicieli witryn w celu zapewnienia ich dzia\u0142ania lub zwi\u0119kszenia ich wydajno\u015bci, a tak\u017ce w celu dostarczania informacji raportowych.\n\nPliki cookie ustawione przez w\u0142a\u015bciciela witryny (w tym przypadku viverax.com\/pl) nazywane s\u0105 \u201eplikami cookie pierwszej kategorii\u201d (first-party cookies). Pliki cookie ustawione przez strony inne ni\u017c w\u0142a\u015bciciel witryny nazywane s\u0105 \u201eplikami cookie stron trzecich\u201d (third-party cookies). Pliki cookie stron trzecich umo\u017cliwiaj\u0105 udost\u0119pnianie funkcji lub funkcjonalno\u015bci stron trzecich w witrynie lub za jej po\u015brednictwem (np. reklamy, tre\u015bci interaktywne, \u015bledzenie afiliacyjne i analityka).\n\n<h3>2. Dlaczego u\u017cywamy plik\u00f3w cookie?<\/h3>\nU\u017cywamy plik\u00f3w cookie pierwszej kategorii oraz stron trzecich z kilku powod\u00f3w. Niekt\u00f3re pliki cookie s\u0105 wymagane ze wzgl\u0119d\u00f3w technicznych w celu dzia\u0142ania naszej witryny i nazywamy je \u201eniezb\u0119dnymi\u201d lub \u201e\u015bci\u015ble koniecznymi\u201d. Inne pliki cookie umo\u017cliwiaj\u0105 nam r\u00f3wnie\u017c \u015bledzenie i kierowanie zainteresowa\u0144 naszych u\u017cytkownik\u00f3w, aby poprawi\u0107 wra\u017cenia z korzystania z naszej witryny. Strony trzecie serwuj\u0105 pliki cookie za po\u015brednictwem naszej witryny w celach reklamowych, analitycznych i \u015bledzenia afiliacyjnego.\n\n<h3>3. Rodzaje plik\u00f3w cookie, kt\u00f3rych u\u017cywamy<\/h3>\n<ul>\n\u00a0\t<li><strong>Niezb\u0119dne pliki cookie:<\/strong> Te pliki cookie s\u0105 \u015bci\u015ble niezb\u0119dne do \u015bwiadczenia us\u0142ug dost\u0119pnych za po\u015brednictwem naszej witryny oraz do korzystania z niekt\u00f3rych jej funkcji, takich jak dost\u0119p do bezpiecznych obszar\u00f3w.<\/li>\n\u00a0\t<li><strong>Pliki cookie dotycz\u0105ce analityki i personalizacji:<\/strong> Te pliki cookie gromadz\u0105 informacje, kt\u00f3re s\u0105 wykorzystywane w formie zbiorczej, aby pom\u00f3c nam zrozumie\u0107, w jaki spos\u00f3b nasza witryna jest u\u017cywana lub jak skuteczne s\u0105 nasze kampanie marketingowe, b\u0105d\u017a aby pom\u00f3c nam dostosowa\u0107 nasz\u0105 witryn\u0119 do Twoich potrzeb.<\/li>\n\u00a0\t<li><strong>Reklamowe pliki cookie i tagi pikselowe:<\/strong> Te pliki cookie s\u0142u\u017c\u0105 do tego, aby komunikaty reklamowe by\u0142y bardziej dopasowane do Twoich zainteresowa\u0144. Mo\u017cemy u\u017cywa\u0107 narz\u0119dzi takich jak Meta Pixel lub \u015bledzenie Google Ads w celu mierzenia skuteczno\u015bci naszych kampanii i dostarczania ukierunkowanych reklam na podstawie Twoich interakcji z nasz\u0105 stron\u0105.<\/li>\n\u00a0\t<li><strong>Pliki cookie do \u015bledzenia afiliacji:<\/strong> Jako platforma marketingu afiliacyjnego, viverax.com\/pl korzysta z plik\u00f3w cookie \u015bledz\u0105cych dostarczanych przez sieci partnerskie. Gdy klikniesz link afiliacyjny na naszej stronie, w Twojej przegl\u0105darce umieszczany jest plik cookie. Plik ten \u015bledzi Twoj\u0105 aktywno\u015b\u0107, dzi\u0119ki czemu je\u015bli dokonasz zakupu na stronie partnera w okre\u015blonym czasie, otrzymujemy uznanie za sprzeda\u017c i zarabiamy prowizj\u0119.<\/li>\n<\/ul>\n\n<h3>4. Pliki cookie stron trzecich<\/h3>\nOpr\u00f3cz naszych w\u0142asnych plik\u00f3w cookie, mo\u017cemy r\u00f3wnie\u017c korzysta\u0107 z r\u00f3\u017cnych plik\u00f3w cookie stron trzecich w celu raportowania statystyk u\u017cytkowania witryny, dostarczania reklam w witrynie i za jej po\u015brednictwem itd. Strony te obejmuj\u0105 mi\u0119dzy innymi Google Analytics, Google Ads, Meta oraz nasze partnerskie sieci afiliacyjne.\n\n<h3>5. Jak mog\u0119 kontrolowa\u0107 pliki cookie?<\/h3>\nMasz prawo zdecydowa\u0107, czy akceptujesz, czy odrzucasz pliki cookie. Mo\u017cesz skorzysta\u0107 ze swoich praw dotycz\u0105cych plik\u00f3w cookie, ustawiaj\u0105c preferencje w swojej przegl\u0105darce internetowej. Mo\u017cesz ustawi\u0107 lub zmieni\u0107 opcje przegl\u0105darki, aby akceptowa\u0107 lub odrzuca\u0107 pliki cookie. Je\u015bli zdecydujesz si\u0119 odrzuci\u0107 pliki cookie, nadal mo\u017cesz korzysta\u0107 z naszej witryny, cho\u0107 dost\u0119p do niekt\u00f3rych funkcji i obszar\u00f3w mo\u017ce by\u0107 ograniczony.\n\nAby dowiedzie\u0107 si\u0119 wi\u0119cej o plikach cookie, w tym o tym, jak sprawdzi\u0107, jakie pliki zosta\u0142y ustawione oraz jak nimi zarz\u0105dza\u0107 i je usuwa\u0107, odwied\u017a stron\u0119 <a href=\"https:\/\/www.allaboutcookies.org\" target=\"_blank\" rel=\"noopener\">allaboutcookies.org<\/a>.\n\n<h3>6. Aktualizacje niniejszej Polityki dotycz\u0105cej plik\u00f3w cookie<\/h3>\nMo\u017cemy od czasu do czasu aktualizowa\u0107 niniejsz\u0105 Polityk\u0119 dotycz\u0105c\u0105 plik\u00f3w cookie, aby odzwierciedli\u0107 na przyk\u0142ad zmiany w plikach cookie, kt\u00f3rych u\u017cywamy, lub z innych powod\u00f3w operacyjnych, prawnych lub regulacyjnych. Prosimy zatem o regularne odwiedzanie tej strony, aby by\u0107 na bie\u017c\u0105co z informacjami o tym, jak korzystamy z plik\u00f3w cookie i powi\u0105zanych technologii.\n\n<h3>7. Kontakt z nami<\/h3>\nJe\u015bli masz jakiekolwiek pytania dotycz\u0105ce korzystania przez nas z plik\u00f3w cookie lub innych technologii, skontaktuj si\u0119 z nami pod adresem:\n\n<strong>Email:<\/strong> contact@viverax.com\/pl\t\t\t\t\t\t\t\t<\/div>\n\t\t\t\t\t<\/div>\n\t\t\t\t<\/div>\n\t\t\t\t<\/div>\n\t\t","protected":false},"excerpt":{"rendered":"<p>Polityka dotycz\u0105ca plik\u00f3w cookie dla viverax.com\/pl Data wej\u015bcia w \u017cycie: 1 kwietnia 2026 r. Niniejsza Polityka dotycz\u0105ca plik\u00f3w cookie wyja\u015bnia, [&hellip;]<\/p>\n","protected":false},"author":1,"featured_media":0,"parent":0,"menu_order":0,"comment_status":"closed","ping_status":"closed","template":"","meta":{"site-sidebar-layout":"no-sidebar","site-content-layout":"","ast-site-content-layout":"full-width-container","site-content-style":"default","site-sidebar-style":"default","ast-global-header-display":"","ast-banner-title-visibility":"","ast-main-header-display":"","ast-hfb-above-header-display":"","ast-hfb-below-header-display":"","ast-hfb-mobile-header-display":"","site-post-title":"disabled","ast-breadcrumbs-content":"","ast-featured-img":"disabled","footer-sml-layout":"","ast-disable-related-posts":"","theme-transparent-header-meta":"","adv-header-id-meta":"","stick-header-meta":"","header-above-stick-meta":"","header-main-stick-meta":"","header-below-stick-meta":"","astra-migrate-meta-layouts":"default","ast-page-background-enabled":"default","ast-page-background-meta":{"desktop":{"background-color":"var(--ast-global-color-5)","background-image":"","background-repeat":"repeat","background-position":"center center","background-size":"auto","background-attachment":"scroll","background-type":"","background-media":"","overlay-type":"","overlay-color":"","overlay-opacity":"","overlay-gradient":""},"tablet":{"background-color":"","background-image":"","background-repeat":"repeat","background-position":"center center","background-size":"auto","background-attachment":"scroll","background-type":"","background-media":"","overlay-type":"","overlay-color":"","overlay-opacity":"","overlay-gradient":""},"mobile":{"background-color":"","background-image":"","background-repeat":"repeat","background-position":"center center","background-size":"auto","background-attachment":"scroll","background-type":"","background-media":"","overlay-type":"","overlay-color":"","overlay-opacity":"","overlay-gradient":""}},"ast-content-background-meta":{"desktop":{"background-color":"var(--ast-global-color-4)","background-image":"","background-repeat":"repeat","background-position":"center center","background-size":"auto","background-attachment":"scroll","background-type":"","background-media":"","overlay-type":"","overlay-color":"","overlay-opacity":"","overlay-gradient":""},"tablet":{"background-color":"var(--ast-global-color-4)","background-image":"","background-repeat":"repeat","background-position":"center center","background-size":"auto","background-attachment":"scroll","background-type":"","background-media":"","overlay-type":"","overlay-color":"","overlay-opacity":"","overlay-gradient":""},"mobile":{"background-color":"var(--ast-global-color-4)","background-image":"","background-repeat":"repeat","background-position":"center center","background-size":"auto","background-attachment":"scroll","background-type":"","background-media":"","overlay-type":"","overlay-color":"","overlay-opacity":"","overlay-gradient":""}},"footnotes":""},"class_list":["post-589","page","type-page","status-publish","hentry"],"_links":{"self":[{"href":"https:\/\/viverax.com\/pl\/wp-json\/wp\/v2\/pages\/589","targetHints":{"allow":["GET"]}}],"collection":[{"href":"https:\/\/viverax.com\/pl\/wp-json\/wp\/v2\/pages"}],"about":[{"href":"https:\/\/viverax.com\/pl\/wp-json\/wp\/v2\/types\/page"}],"author":[{"embeddable":true,"href":"https:\/\/viverax.com\/pl\/wp-json\/wp\/v2\/users\/1"}],"replies":[{"embeddable":true,"href":"https:\/\/viverax.com\/pl\/wp-json\/wp\/v2\/comments?post=589"}],"version-history":[{"count":14,"href":"https:\/\/viverax.com\/pl\/wp-json\/wp\/v2\/pages\/589\/revisions"}],"predecessor-version":[{"id":965,"href":"https:\/\/viverax.com\/pl\/wp-json\/wp\/v2\/pages\/589\/revisions\/965"}],"wp:attachment":[{"href":"https:\/\/viverax.com\/pl\/wp-json\/wp\/v2\/media?parent=589"}],"curies":[{"name":"wp","href":"https:\/\/api.w.org\/{rel}","templated":true}]}}