{"id":519,"date":"2026-04-01T15:42:39","date_gmt":"2026-04-01T15:42:39","guid":{"rendered":"https:\/\/viverax.com\/pl\/?page_id=519"},"modified":"2026-04-04T19:31:13","modified_gmt":"2026-04-04T19:31:13","slug":"warunkikorzystania","status":"publish","type":"page","link":"https:\/\/viverax.com\/pl\/warunkikorzystania\/","title":{"rendered":"Warunki korzystania"},"content":{"rendered":"\t\t<div data-elementor-type=\"wp-page\" data-elementor-id=\"519\" class=\"elementor elementor-519\">\n\t\t\t\t<div class=\"elementor-element elementor-element-e9534b4 e-flex e-con-boxed e-con e-parent\" data-id=\"e9534b4\" data-element_type=\"container\" data-e-type=\"container\">\n\t\t\t\t\t<div class=\"e-con-inner\">\n\t\t\t\t<div class=\"elementor-element elementor-element-1e96d68 elementor-widget elementor-widget-text-editor\" data-id=\"1e96d68\" data-element_type=\"widget\" data-e-type=\"widget\" data-widget_type=\"text-editor.default\">\n\t\t\t\t\t\t\t\t\t<h2>Warunki korzystania z serwisu viverax.com\/pl<\/h2>\n<strong>Data wej\u015bcia w \u017cycie:<\/strong> 1 kwietnia 2026 r.\n\nWitamy na viverax.com\/pl. Niniejsze Warunki korzystania okre\u015blaj\u0105 zasady dost\u0119pu do i korzystania z witryny viverax.com\/pl oraz jej subdomen. Uzyskuj\u0105c dost\u0119p do naszej witryny lub korzystaj\u0105c z niej, wyra\u017casz zgod\u0119 na zwi\u0105zanie si\u0119 niniejszymi Warunkami. Je\u015bli nie zgadzasz si\u0119 z jak\u0105kolwiek cz\u0119\u015bci\u0105 tych warunk\u00f3w, nie mo\u017cesz uzyska\u0107 dost\u0119pu do witryny.\n\n<h3>1. Akceptacja warunk\u00f3w<\/h3>\nUzyskuj\u0105c dost\u0119p do tej witryny, zgadzasz si\u0119 na przestrzeganie niniejszych Warunk\u00f3w korzystania z witryny, wszystkich obowi\u0105zuj\u0105cych praw i przepis\u00f3w oraz zgadzasz si\u0119, \u017ce ponosisz odpowiedzialno\u015b\u0107 za przestrzeganie wszelkich obowi\u0105zuj\u0105cych przepis\u00f3w lokalnych. Je\u015bli nie zgadzasz si\u0119 z kt\u00f3rymkolwiek z tych warunk\u00f3w, masz zakaz korzystania z tej witryny lub uzyskiwania do niej dost\u0119pu.\n\n<h3>2. Prawa w\u0142asno\u015bci intelektualnej<\/h3>\nO ile nie okre\u015blono inaczej, viverax.com\/pl i\/lub jej licencjodawcy s\u0105 w\u0142a\u015bcicielami praw w\u0142asno\u015bci intelektualnej do wszystkich materia\u0142\u00f3w na viverax.com\/pl. Wszelkie prawa w\u0142asno\u015bci intelektualnej s\u0105 zastrze\u017cone. Mo\u017cesz uzyska\u0107 do nich dost\u0119p z poziomu viverax.com\/pl do w\u0142asnego, osobistego u\u017cytku, z zastrze\u017ceniem ogranicze\u0144 okre\u015blonych w niniejszym regulaminie.\n\nNie wolno Ci:\n\n<ul>\n \t<li>Publikowa\u0107 ponownie materia\u0142\u00f3w z viverax.com\/pl<\/li>\n \t<li>Sprzedawa\u0107, wynajmowa\u0107 ani sublicencjonowa\u0107 materia\u0142\u00f3w z viverax.com\/pl<\/li>\n \t<li>Powiela\u0107, duplikowa\u0107 ani kopiowa\u0107 materia\u0142\u00f3w z viverax.com\/pl<\/li>\n \t<li>Rozpowszechnia\u0107 tre\u015bci z viverax.com\/pl<\/li>\n<\/ul>\n\n<h3>3. Linki partnerskie i tre\u015bci podmiot\u00f3w trzecich<\/h3>\nviverax.com\/pl to platforma marketingu afiliacyjnego. Uczestniczymy w r\u00f3\u017cnych programach partnerskich i mo\u017cemy otrzyma\u0107 prowizj\u0119, gdy klikniesz linki do witryn os\u00f3b trzecich i dokonasz zakupu. Nie wi\u0105\u017ce si\u0119 to z \u017cadnymi dodatkowymi kosztami dla Ciebie.\n\nNie gwarantujemy jako\u015bci, bezpiecze\u0144stwa ani legalno\u015bci produkt\u00f3w lub us\u0142ug oferowanych przez zewn\u0119trzne sieci partnerskie lub reklamodawc\u00f3w. Wszelkie interakcje, zakupy lub spory z zewn\u0119trznymi sprzedawcami odbywaj\u0105 si\u0119 wy\u0142\u0105cznie mi\u0119dzy Tob\u0105 a sprzedawc\u0105. viverax.com\/pl nie ponosi \u017cadnej odpowiedzialno\u015bci za tre\u015bci, produkty lub us\u0142ugi podmiot\u00f3w trzecich.\n\n<h3>4. Zastrze\u017cenia dotycz\u0105ce zdrowia i finans\u00f3w (Wy\u0142\u0105cznie w celach informacyjnych)<\/h3>\nTre\u015bci udost\u0119pniane na stronie viverax.com\/pl, w tym recenzje produkt\u00f3w zwi\u0105zanych ze zdrowiem, dobrym samopoczuciem, fitnessem lub finansami, s\u0142u\u017c\u0105 wy\u0142\u0105cznie celom informacyjnym i edukacyjnym. Nie maj\u0105 one na celu zast\u0105pienia profesjonalnej porady medycznej, diagnozy, leczenia ani profesjonalnego planowania finansowego.\n\nZawsze zasi\u0119gaj porady swojego lekarza lub innego wykwalifikowanego pracownika s\u0142u\u017cby zdrowia w przypadku jakichkolwiek pyta\u0144 dotycz\u0105cych stanu zdrowia. Nigdy nie lekcewa\u017c profesjonalnej porady medycznej ani nie op\u00f3\u017aniaj jej zasi\u0119gni\u0119cia z powodu informacji przeczytanych w naszej witrynie. Wyniki stosowania produkt\u00f3w recenzowanych lub polecanych na tej stronie mog\u0105 si\u0119 r\u00f3\u017cni\u0107 w zale\u017cno\u015bci od osoby.\n\n<h3>5. Ograniczenie odpowiedzialno\u015bci<\/h3>\nW \u017cadnym wypadku viverax.com\/pl, ani \u017caden z jej cz\u0142onk\u00f3w zarz\u0105du, dyrektor\u00f3w i pracownik\u00f3w, nie ponosi odpowiedzialno\u015bci za cokolwiek, co wynika z lub w jakikolwiek spos\u00f3b \u0142\u0105czy si\u0119 z korzystaniem z tej witryny, niezale\u017cnie od tego, czy taka odpowiedzialno\u015b\u0107 wynika z umowy. viverax.com\/pl, w tym jej cz\u0142onkowie zarz\u0105du, dyrektorzy i pracownicy, nie ponosz\u0105 odpowiedzialno\u015bci za jak\u0105kolwiek po\u015bredni\u0105, wt\u00f3rn\u0105 lub szczeg\u00f3ln\u0105 odpowiedzialno\u015b\u0107 wynikaj\u0105c\u0105 z lub w jakikolwiek spos\u00f3b zwi\u0105zan\u0105 z korzystaniem z tej witryny.\n\n<h3>6. Zmiany i b\u0142\u0119dy<\/h3>\nMateria\u0142y pojawiaj\u0105ce si\u0119 na viverax.com\/pl mog\u0105 zawiera\u0107 b\u0142\u0119dy techniczne, typograficzne lub fotograficzne. viverax.com\/pl nie gwarantuje, \u017ce jakiekolwiek materia\u0142y w jej witrynie s\u0105 dok\u0142adne, kompletne lub aktualne. Mo\u017cemy wprowadza\u0107 zmiany w materia\u0142ach zawartych w naszej witrynie w dowolnym czasie bez powiadomienia, ale nie zobowi\u0105zujemy si\u0119 do ich aktualizacji.\n\n<h3>7. Zmiany Warunk\u00f3w korzystania<\/h3>\nviverax.com\/pl mo\u017ce zrewidowa\u0107 niniejsze Warunki korzystania ze swojej witryny w dowolnym momencie bez wcze\u015bniejszego powiadomienia. Korzystaj\u0105c z tej witryny, zgadzasz si\u0119 na zwi\u0105zanie si\u0119 aktualn\u0105 wersj\u0105 niniejszych Warunk\u00f3w korzystania.\n\n<h3>8. Prawo w\u0142a\u015bciwe<\/h3>\nWszelkie roszczenia zwi\u0105zane z viverax.com\/pl podlegaj\u0105 prawu jurysdykcji w\u0142a\u015bciciela witryny, bez wzgl\u0119du na przepisy kolizyjne.\n\n<h3>9. Informacje kontaktowe<\/h3>\nJe\u015bli masz jakiekolwiek zapytania lub pytania dotycz\u0105ce naszych Warunk\u00f3w korzystania, skontaktuj si\u0119 z nami pod adresem:\n\n<strong>Email:<\/strong> contact@viverax.com\/pl\t\t\t\t\t\t\t\t<\/div>\n\t\t\t\t\t<\/div>\n\t\t\t\t<\/div>\n\t\t\t\t<\/div>\n\t\t","protected":false},"excerpt":{"rendered":"<p>Warunki korzystania z serwisu viverax.com\/pl Data wej\u015bcia w \u017cycie: 1 kwietnia 2026 r. Witamy na viverax.com\/pl. Niniejsze Warunki korzystania okre\u015blaj\u0105 [&hellip;]<\/p>\n","protected":false},"author":1,"featured_media":0,"parent":0,"menu_order":0,"comment_status":"closed","ping_status":"closed","template":"","meta":{"site-sidebar-layout":"no-sidebar","site-content-layout":"","ast-site-content-layout":"full-width-container","site-content-style":"default","site-sidebar-style":"default","ast-global-header-display":"","ast-banner-title-visibility":"","ast-main-header-display":"","ast-hfb-above-header-display":"","ast-hfb-below-header-display":"","ast-hfb-mobile-header-display":"","site-post-title":"disabled","ast-breadcrumbs-content":"","ast-featured-img":"disabled","footer-sml-layout":"","ast-disable-related-posts":"","theme-transparent-header-meta":"","adv-header-id-meta":"","stick-header-meta":"","header-above-stick-meta":"","header-main-stick-meta":"","header-below-stick-meta":"","astra-migrate-meta-layouts":"default","ast-page-background-enabled":"default","ast-page-background-meta":{"desktop":{"background-color":"var(--ast-global-color-5)","background-image":"","background-repeat":"repeat","background-position":"center center","background-size":"auto","background-attachment":"scroll","background-type":"","background-media":"","overlay-type":"","overlay-color":"","overlay-opacity":"","overlay-gradient":""},"tablet":{"background-color":"","background-image":"","background-repeat":"repeat","background-position":"center center","background-size":"auto","background-attachment":"scroll","background-type":"","background-media":"","overlay-type":"","overlay-color":"","overlay-opacity":"","overlay-gradient":""},"mobile":{"background-color":"","background-image":"","background-repeat":"repeat","background-position":"center center","background-size":"auto","background-attachment":"scroll","background-type":"","background-media":"","overlay-type":"","overlay-color":"","overlay-opacity":"","overlay-gradient":""}},"ast-content-background-meta":{"desktop":{"background-color":"var(--ast-global-color-4)","background-image":"","background-repeat":"repeat","background-position":"center center","background-size":"auto","background-attachment":"scroll","background-type":"","background-media":"","overlay-type":"","overlay-color":"","overlay-opacity":"","overlay-gradient":""},"tablet":{"background-color":"var(--ast-global-color-4)","background-image":"","background-repeat":"repeat","background-position":"center center","background-size":"auto","background-attachment":"scroll","background-type":"","background-media":"","overlay-type":"","overlay-color":"","overlay-opacity":"","overlay-gradient":""},"mobile":{"background-color":"var(--ast-global-color-4)","background-image":"","background-repeat":"repeat","background-position":"center center","background-size":"auto","background-attachment":"scroll","background-type":"","background-media":"","overlay-type":"","overlay-color":"","overlay-opacity":"","overlay-gradient":""}},"footnotes":""},"class_list":["post-519","page","type-page","status-publish","hentry"],"_links":{"self":[{"href":"https:\/\/viverax.com\/pl\/wp-json\/wp\/v2\/pages\/519","targetHints":{"allow":["GET"]}}],"collection":[{"href":"https:\/\/viverax.com\/pl\/wp-json\/wp\/v2\/pages"}],"about":[{"href":"https:\/\/viverax.com\/pl\/wp-json\/wp\/v2\/types\/page"}],"author":[{"embeddable":true,"href":"https:\/\/viverax.com\/pl\/wp-json\/wp\/v2\/users\/1"}],"replies":[{"embeddable":true,"href":"https:\/\/viverax.com\/pl\/wp-json\/wp\/v2\/comments?post=519"}],"version-history":[{"count":86,"href":"https:\/\/viverax.com\/pl\/wp-json\/wp\/v2\/pages\/519\/revisions"}],"predecessor-version":[{"id":971,"href":"https:\/\/viverax.com\/pl\/wp-json\/wp\/v2\/pages\/519\/revisions\/971"}],"wp:attachment":[{"href":"https:\/\/viverax.com\/pl\/wp-json\/wp\/v2\/media?parent=519"}],"curies":[{"name":"wp","href":"https:\/\/api.w.org\/{rel}","templated":true}]}}