{"id":3,"date":"2026-03-30T19:34:07","date_gmt":"2026-03-30T19:34:07","guid":{"rendered":"https:\/\/viverax.com\/pl\/?page_id=3"},"modified":"2026-04-04T19:48:05","modified_gmt":"2026-04-04T19:48:05","slug":"politykaprywatnosci","status":"publish","type":"page","link":"https:\/\/viverax.com\/pl\/politykaprywatnosci\/","title":{"rendered":"Polityka prywatno\u015bci"},"content":{"rendered":"\t\t<div data-elementor-type=\"wp-page\" data-elementor-id=\"3\" class=\"elementor elementor-3\">\n\t\t\t\t<div class=\"elementor-element elementor-element-206e40d9 e-flex e-con-boxed e-con e-parent\" data-id=\"206e40d9\" data-element_type=\"container\" data-e-type=\"container\">\n\t\t\t\t\t<div class=\"e-con-inner\">\n\t\t\t\t<div class=\"elementor-element elementor-element-703b4b3 elementor-widget elementor-widget-text-editor\" data-id=\"703b4b3\" data-element_type=\"widget\" data-e-type=\"widget\" data-widget_type=\"text-editor.default\">\n\t\t\t\t\t\t\t\t\t<h2>Polityka Prywatno\u015bci dla viverax.com\/pl<\/h2>\n<strong>Data wej\u015bcia w \u017cycie:<\/strong> 1 kwietnia 2026 r.\n\nW serwisie viverax.com\/pl, dost\u0119pnym pod adresem https:\/\/viverax.com\/pl, jednym z naszych g\u0142\u00f3wnych priorytet\u00f3w jest prywatno\u015b\u0107 naszych go\u015bci. Niniejszy dokument Polityki Prywatno\u015bci zawiera rodzaje informacji, kt\u00f3re s\u0105 gromadzone i zapisywane przez viverax.com\/pl oraz spos\u00f3b, w jaki je wykorzystujemy.\n\nJe\u015bli masz dodatkowe pytania lub potrzebujesz wi\u0119cej informacji na temat naszej Polityki Prywatno\u015bci, nie wahaj si\u0119 z nami skontaktowa\u0107.\n\n<h3>1. Og\u00f3lne Rozporz\u0105dzenie o Ochronie Danych (RODO) i Prawa Prywatno\u015bci CCPA<\/h3>\nJeste\u015bmy Administratorem Danych Twoich informacji. Podstawa prawna viverax.com\/pl do gromadzenia i wykorzystywania danych osobowych opisanych w niniejszej Polityce Prywatno\u015bci zale\u017cy od gromadzonych przez nas Danych Osobowych oraz konkretnego kontekstu, w jakim je zbieramy:\n<ul>\n\u00a0\t<li>viverax.com\/pl musi wykona\u0107 umow\u0119 z Tob\u0105.<\/li>\n\u00a0\t<li>Udzieli\u0142e\u015b viverax.com\/pl zgody na takie dzia\u0142anie.<\/li>\n\u00a0\t<li>Przetwarzanie Twoich danych osobowych le\u017cy w uzasadnionym interesie viverax.com\/pl.<\/li>\n\u00a0\t<li>viverax.com\/pl musi post\u0119powa\u0107 zgodnie z prawem.<\/li>\n<\/ul>\nJe\u015bli jeste\u015b mieszka\u0144cem Europejskiego Obszaru Gospodarczego (EOG) lub Kalifornii (na mocy CCPA), przys\u0142uguj\u0105 Ci okre\u015blone prawa do ochrony danych. Je\u015bli chcesz zosta\u0107 poinformowany, jakie Dane Osobowe posiadamy na Tw\u00f3j temat i je\u015bli chcesz, aby zosta\u0142y one usuni\u0119te z naszych system\u00f3w, skontaktuj si\u0119 z nami.\n\n<h3>2. Informacje, kt\u00f3re gromadzimy<\/h3>\nDane osobowe, o kt\u00f3rych podanie zostaniesz poproszony, oraz powody, dla kt\u00f3rych zostaniesz o to poproszony, zostan\u0105 Ci wyja\u015bnione w momencie, gdy poprosimy Ci\u0119 o ich podanie.\n\nJe\u015bli skontaktujesz si\u0119 z nami bezpo\u015brednio, mo\u017cemy otrzyma\u0107 dodatkowe informacje na Tw\u00f3j temat, takie jak imi\u0119 i nazwisko, adres e-mail, numer telefonu, tre\u015b\u0107 wiadomo\u015bci i\/lub za\u0142\u0105cznik\u00f3w, kt\u00f3re mo\u017cesz nam wys\u0142a\u0107, oraz wszelkie inne informacje, kt\u00f3re zdecydujesz si\u0119 poda\u0107.\n\n<h3>3. Jak wykorzystujemy Twoje informacje<\/h3>\nWykorzystujemy gromadzone informacje na r\u00f3\u017cne sposoby, w tym do:\n<ul>\n\u00a0\t<li>Dostarczania, obs\u0142ugi i utrzymywania naszej strony internetowej.<\/li>\n\u00a0\t<li>Ulepszania, personalizowania i rozbudowy naszej strony internetowej.<\/li>\n\u00a0\t<li>Zrozumienia i analizy sposobu, w jaki korzystasz z naszej strony internetowej.<\/li>\n\u00a0\t<li>Opracowywania nowych produkt\u00f3w, us\u0142ug, funkcji i funkcjonalno\u015bci.<\/li>\n\u00a0\t<li>Komunikowania si\u0119 z Tob\u0105, bezpo\u015brednio lub za po\u015brednictwem jednego z naszych partner\u00f3w, w tym w celu obs\u0142ugi klienta, dostarczania aktualizacji i innych informacji zwi\u0105zanych ze stron\u0105 internetow\u0105 oraz w celach marketingowych i promocyjnych.<\/li>\n\u00a0\t<li>Wysy\u0142ania do Ciebie wiadomo\u015bci e-mail.<\/li>\n\u00a0\t<li>Wykrywania i zapobiegania oszustwom.<\/li>\n<\/ul>\n\n<h3>4. Pliki dziennika (Log Files)<\/h3>\nviverax.com\/pl stosuje standardow\u0105 procedur\u0119 korzystania z plik\u00f3w dziennika. Pliki te rejestruj\u0105 go\u015bci, gdy odwiedzaj\u0105 oni strony internetowe. Robi\u0105 to wszystkie firmy hostingowe i jest to cz\u0119\u015b\u0107 analityki us\u0142ug hostingowych. Informacje gromadzone przez pliki dziennika obejmuj\u0105 adresy protoko\u0142u internetowego (IP), typ przegl\u0105darki, dostawc\u0119 us\u0142ug internetowych (ISP), znacznik daty i godziny, strony odsy\u0142aj\u0105ce\/wyj\u015bciowe i ewentualnie liczb\u0119 klikni\u0119\u0107. Nie s\u0105 one powi\u0105zane z \u017cadnymi informacjami umo\u017cliwiaj\u0105cymi identyfikacj\u0119 osoby. Celem tych informacji jest analiza trend\u00f3w, administrowanie witryn\u0105, \u015bledzenie ruchu u\u017cytkownik\u00f3w w witrynie oraz zbieranie informacji demograficznych.\n\n<h3>5. Pliki cookie i sygna\u0142y nawigacyjne (Web Beacons)<\/h3>\nPodobnie jak ka\u017cda inna strona internetowa, viverax.com\/pl u\u017cywa &#8222;ciasteczek&#8221; (cookies). Te pliki cookie s\u0142u\u017c\u0105 do przechowywania informacji, w tym preferencji odwiedzaj\u0105cych oraz stron w witrynie, do kt\u00f3rych go\u015b\u0107 uzyska\u0142 dost\u0119p lub kt\u00f3re odwiedzi\u0142. Informacje te s\u0105 wykorzystywane do optymalizacji do\u015bwiadcze\u0144 u\u017cytkownik\u00f3w poprzez dostosowanie tre\u015bci naszej strony internetowej w oparciu o typ przegl\u0105darki odwiedzaj\u0105cego i\/lub inne informacje.\n\n<h3>6. Ujawnienie informacji o afiliacji<\/h3>\nviverax.com\/pl uczestniczy w r\u00f3\u017cnych programach marketingu afiliacyjnego, co oznacza, \u017ce mo\u017cemy otrzymywa\u0107 prowizje za wybrane redakcyjnie produkty zakupione za po\u015brednictwem naszych link\u00f3w do stron sprzedawc\u00f3w. Nasze tre\u015bci redakcyjne nie s\u0105 pod wp\u0142ywem partnerstw afiliacyjnych. Kiedy klikniesz w link afiliacyjny i dokonasz zakupu, Twoja przegl\u0105darka mo\u017ce umie\u015bci\u0107 plik cookie na Twoim urz\u0105dzeniu w celu \u015bledzenia sprzeda\u017cy dla cel\u00f3w prowizyjnych.\n\n<h3>7. Plik cookie Google DoubleClick DART<\/h3>\nGoogle jest jednym z dostawc\u00f3w zewn\u0119trznych na naszej stronie. Wykorzystuje on r\u00f3wnie\u017c pliki cookie, znane jako pliki cookie DART, do serwowania reklam odwiedzaj\u0105cym nasz\u0105 stron\u0119 na podstawie ich wizyty na www.website.com i innych stronach w internecie. Jednak\u017ce, odwiedzaj\u0105cy mog\u0105 zdecydowa\u0107 si\u0119 na odrzucenie stosowania plik\u00f3w cookie DART, odwiedzaj\u0105c Polityk\u0119 Prywatno\u015bci sieci reklamowej i tre\u015bci Google pod nast\u0119puj\u0105cym adresem URL: <a href=\"https:\/\/policies.google.com\/technologies\/ads\" target=\"_blank\" rel=\"noopener\">https:\/\/policies.google.com\/technologies\/ads<\/a>\n\n<h3>8. Polityka prywatno\u015bci stron trzecich<\/h3>\nPolityka Prywatno\u015bci viverax.com\/pl nie ma zastosowania do innych reklamodawc\u00f3w ani stron internetowych. W zwi\u0105zku z tym radzimy zapozna\u0107 si\u0119 z odpowiednimi Politykami Prywatno\u015bci tych zewn\u0119trznych serwer\u00f3w reklamowych, aby uzyska\u0107 bardziej szczeg\u00f3\u0142owe informacje. Mog\u0105 one obejmowa\u0107 ich praktyki oraz instrukcje dotycz\u0105ce rezygnacji z okre\u015blonych opcji.\n\nMo\u017cesz wy\u0142\u0105czy\u0107 pliki cookie za pomoc\u0105 indywidualnych opcji przegl\u0105darki. Bardziej szczeg\u00f3\u0142owe informacje na temat zarz\u0105dzania plikami cookie w konkretnych przegl\u0105darkach internetowych mo\u017cna znale\u017a\u0107 na odpowiednich stronach internetowych tych przegl\u0105darek.\n\n<h3>9. Informacje o dzieciach<\/h3>\nKolejn\u0105 cz\u0119\u015bci\u0105 naszego priorytetu jest zapewnienie ochrony dzieciom podczas korzystania z Internetu. Zach\u0119camy rodzic\u00f3w i opiekun\u00f3w do obserwowania, uczestniczenia i\/lub monitorowania oraz kierowania ich aktywno\u015bci\u0105 online. viverax.com\/pl nie gromadzi \u015bwiadomie \u017cadnych danych osobowych od dzieci poni\u017cej 13 roku \u017cycia. Je\u015bli uwa\u017casz, \u017ce Twoje dziecko poda\u0142o tego rodzaju informacje na naszej stronie internetowej, gor\u0105co zach\u0119camy do natychmiastowego skontaktowania si\u0119 z nami, a my do\u0142o\u017cymy wszelkich stara\u0144, aby niezw\u0142ocznie usun\u0105\u0107 takie informacje z naszych rejestr\u00f3w.\n\n<h3>10. Zgoda<\/h3>\nKorzystaj\u0105c z naszej strony internetowej, niniejszym wyra\u017casz zgod\u0119 na nasz\u0105 Polityk\u0119 Prywatno\u015bci i zgadzasz si\u0119 na jej warunki.\n\n<h3>11. Kontakt z nami<\/h3>\nJe\u015bli masz jakiekolwiek pytania lub sugestie dotycz\u0105ce naszej Polityki Prywatno\u015bci, nie wahaj si\u0119 z nami skontaktowa\u0107 pod adresem:\n\n<strong>Email:<\/strong> contact@viverax.com\/pl\t\t\t\t\t\t\t\t<\/div>\n\t\t\t\t\t<\/div>\n\t\t\t\t<\/div>\n\t\t\t\t<\/div>\n\t\t","protected":false},"excerpt":{"rendered":"<p>Polityka Prywatno\u015bci dla viverax.com\/pl Data wej\u015bcia w \u017cycie: 1 kwietnia 2026 r. W serwisie viverax.com\/pl, dost\u0119pnym pod adresem https:\/\/viverax.com\/pl, jednym [&hellip;]<\/p>\n","protected":false},"author":1,"featured_media":0,"parent":0,"menu_order":0,"comment_status":"closed","ping_status":"closed","template":"","meta":{"site-sidebar-layout":"default","site-content-layout":"","ast-site-content-layout":"default","site-content-style":"default","site-sidebar-style":"default","ast-global-header-display":"","ast-banner-title-visibility":"","ast-main-header-display":"","ast-hfb-above-header-display":"","ast-hfb-below-header-display":"","ast-hfb-mobile-header-display":"","site-post-title":"disabled","ast-breadcrumbs-content":"","ast-featured-img":"","footer-sml-layout":"","ast-disable-related-posts":"","theme-transparent-header-meta":"","adv-header-id-meta":"","stick-header-meta":"","header-above-stick-meta":"","header-main-stick-meta":"","header-below-stick-meta":"","astra-migrate-meta-layouts":"default","ast-page-background-enabled":"default","ast-page-background-meta":{"desktop":{"background-color":"var(--ast-global-color-5)","background-image":"","background-repeat":"repeat","background-position":"center center","background-size":"auto","background-attachment":"scroll","background-type":"","background-media":"","overlay-type":"","overlay-color":"","overlay-opacity":"","overlay-gradient":""},"tablet":{"background-color":"","background-image":"","background-repeat":"repeat","background-position":"center center","background-size":"auto","background-attachment":"scroll","background-type":"","background-media":"","overlay-type":"","overlay-color":"","overlay-opacity":"","overlay-gradient":""},"mobile":{"background-color":"","background-image":"","background-repeat":"repeat","background-position":"center center","background-size":"auto","background-attachment":"scroll","background-type":"","background-media":"","overlay-type":"","overlay-color":"","overlay-opacity":"","overlay-gradient":""}},"ast-content-background-meta":{"desktop":{"background-color":"var(--ast-global-color-4)","background-image":"","background-repeat":"repeat","background-position":"center center","background-size":"auto","background-attachment":"scroll","background-type":"","background-media":"","overlay-type":"","overlay-color":"","overlay-opacity":"","overlay-gradient":""},"tablet":{"background-color":"var(--ast-global-color-4)","background-image":"","background-repeat":"repeat","background-position":"center center","background-size":"auto","background-attachment":"scroll","background-type":"","background-media":"","overlay-type":"","overlay-color":"","overlay-opacity":"","overlay-gradient":""},"mobile":{"background-color":"var(--ast-global-color-4)","background-image":"","background-repeat":"repeat","background-position":"center center","background-size":"auto","background-attachment":"scroll","background-type":"","background-media":"","overlay-type":"","overlay-color":"","overlay-opacity":"","overlay-gradient":""}},"footnotes":""},"class_list":["post-3","page","type-page","status-publish","hentry"],"_links":{"self":[{"href":"https:\/\/viverax.com\/pl\/wp-json\/wp\/v2\/pages\/3","targetHints":{"allow":["GET"]}}],"collection":[{"href":"https:\/\/viverax.com\/pl\/wp-json\/wp\/v2\/pages"}],"about":[{"href":"https:\/\/viverax.com\/pl\/wp-json\/wp\/v2\/types\/page"}],"author":[{"embeddable":true,"href":"https:\/\/viverax.com\/pl\/wp-json\/wp\/v2\/users\/1"}],"replies":[{"embeddable":true,"href":"https:\/\/viverax.com\/pl\/wp-json\/wp\/v2\/comments?post=3"}],"version-history":[{"count":29,"href":"https:\/\/viverax.com\/pl\/wp-json\/wp\/v2\/pages\/3\/revisions"}],"predecessor-version":[{"id":967,"href":"https:\/\/viverax.com\/pl\/wp-json\/wp\/v2\/pages\/3\/revisions\/967"}],"wp:attachment":[{"href":"https:\/\/viverax.com\/pl\/wp-json\/wp\/v2\/media?parent=3"}],"curies":[{"name":"wp","href":"https:\/\/api.w.org\/{rel}","templated":true}]}}