{"id":11,"date":"2026-03-30T19:49:28","date_gmt":"2026-03-30T19:49:28","guid":{"rendered":"https:\/\/viverax.com\/pl\/?page_id=11"},"modified":"2026-04-09T10:13:56","modified_gmt":"2026-04-09T10:13:56","slug":"global-hub","status":"publish","type":"page","link":"https:\/\/viverax.com\/pl\/","title":{"rendered":"Viverax"},"content":{"rendered":"\t\t<div data-elementor-type=\"wp-page\" data-elementor-id=\"11\" class=\"elementor elementor-11\">\n\t\t\t\t<div class=\"elementor-element elementor-element-14a94ad e-flex e-con-boxed e-con e-parent\" data-id=\"14a94ad\" data-element_type=\"container\" data-e-type=\"container\">\n\t\t\t\t\t<div class=\"e-con-inner\">\n\t\t\t\t\t<\/div>\n\t\t\t\t<\/div>\n\t\t<div class=\"elementor-element elementor-element-2675683d e-con-full e-flex e-con e-parent\" data-id=\"2675683d\" data-element_type=\"container\" data-e-type=\"container\" data-settings=\"{&quot;background_background&quot;:&quot;classic&quot;}\">\n\t\t\t\t\t\t\t<h1 \n\t\tdata-interaction-id=\"45bc3a91\" \n\t\tclass=\"e-45bc3a91-1df600b e-heading-base\" \n\t\t \n\t\t\n\t>\n\t\n\t\t\tViverax\n\t\t<\/h1>\n\t\t\t\t<div class=\"elementor-element elementor-element-5879fa09 elementor-widget__width-initial elementor-widget elementor-widget-text-editor\" data-id=\"5879fa09\" data-element_type=\"widget\" data-e-type=\"widget\" data-widget_type=\"text-editor.default\">\n\t\t\t\t\t\t\t\t\t<p>Zdrowie i uroda. W najlepszym wydaniu ka\u017cdego dnia.<\/p>\t\t\t\t\t\t\t\t<\/div>\n\t\t\t\t<\/div>\n\t\t<div class=\"elementor-element elementor-element-68a4befe e-flex e-con-boxed e-con e-parent\" data-id=\"68a4befe\" data-element_type=\"container\" data-e-type=\"container\">\n\t\t\t\t\t<div class=\"e-con-inner\">\n\t\t\t\t\t\t\t<h2 \n\t\tdata-interaction-id=\"1a86b274\" \n\t\tclass=\"e-1a86b274-239ad64 e-heading-base\" \n\t\t \n\t\t\n\t>\n\t\n\t\t\tKatalog produkt\u00f3w\n\t\t<\/h2>\n\t\t\t\t\t<\/div>\n\t\t\t\t<\/div>\n\t\t<div class=\"elementor-element elementor-element-76a27039 e-grid e-con-boxed e-con e-parent\" data-id=\"76a27039\" data-element_type=\"container\" data-e-type=\"container\">\n\t\t\t\t\t<div class=\"e-con-inner\">\n\t\t<div class=\"elementor-element elementor-element-51fbe531 e-con-full e-flex e-con e-child\" data-id=\"51fbe531\" data-element_type=\"container\" data-e-type=\"container\">\n\t\t\t\t\t\t\t\n\t\t<img class=\"e-image-base \" \n\t\t\t\t\tdata-interaction-id=\"1768a1b8\" \n\t\t \n\t\t \n\t\t\t\t\t\t\t\t\tid=\"308\"\n\t\t\t\t\t\t\t\t\t\t\t\tsrc=\"https:\/\/viverax.com\/pl\/wp-content\/uploads\/sites\/5\/2026\/03\/Gemini_Generated_Image_am41team41team41.webp\"\n\t\t\t\t\t\t\t\t\t\t\t\twidth=\"2048\"\n\t\t\t\t\t\t\t\t\t\t\t\theight=\"2048\"\n\t\t\t\t\t\t\t\t\t\t\t\tsrcset=\"https:\/\/viverax.com\/pl\/wp-content\/uploads\/sites\/5\/2026\/03\/Gemini_Generated_Image_am41team41team41.webp 2048w, https:\/\/viverax.com\/pl\/wp-content\/uploads\/sites\/5\/2026\/03\/Gemini_Generated_Image_am41team41team41-150x150.webp 150w, https:\/\/viverax.com\/pl\/wp-content\/uploads\/sites\/5\/2026\/03\/Gemini_Generated_Image_am41team41team41-300x300.webp 300w, https:\/\/viverax.com\/pl\/wp-content\/uploads\/sites\/5\/2026\/03\/Gemini_Generated_Image_am41team41team41-100x100.webp 100w, https:\/\/viverax.com\/pl\/wp-content\/uploads\/sites\/5\/2026\/03\/Gemini_Generated_Image_am41team41team41-768x768.webp 768w, https:\/\/viverax.com\/pl\/wp-content\/uploads\/sites\/5\/2026\/03\/Gemini_Generated_Image_am41team41team41-1024x1024.webp 1024w, https:\/\/viverax.com\/pl\/wp-content\/uploads\/sites\/5\/2026\/03\/Gemini_Generated_Image_am41team41team41-1536x1536.webp 1536w\"\n\t\t\t\t\t\t\t\t\t\t\t\talt=\"\"\n\t\t\t\t\t\t\/>\n\t\t\t\t\t\t\t\t<h2 \n\t\tdata-interaction-id=\"337a2192\" \n\t\tclass=\"e-337a2192-6ad8eee e-heading-base\" \n\t\t \n\t\t\n\t>\n\t\n\t\t\tOdchudzanie\n\t\t<\/h2>\n\t\t\t\t\t\t\t\t<p class=\"e-3e769c25-ae3afdd e-paragraph-base\" data-interaction-id=\"3e769c25\"  >\n\t\t\t\t\t\t\t\tOsi\u0105gni\u0119cie i utrzymanie zdrowej masy cia\u0142a to proces, kt\u00f3ry wymaga r\u00f3wnowagi mi\u0119dzy odpowiedni\u0105 diet\u0105, aktywno\u015bci\u0105 fizyczn\u0105 i w\u0142a\u015bciwym wsparciem. W tej sekcji znajdziesz wskaz\u00f3wki i produkty, kt\u00f3re mog\u0105 pom\u00f3c zredukowa\u0107 tkank\u0119 t\u0142uszczow\u0105, kontrolowa\u0107 apetyt i przyspieszy\u0107 metabolizm, a wszystko to przy jednoczesnym zachowaniu zdrowia i og\u00f3lnego dobrego samopoczucia.\n\t\t\t\t\t<\/p>\n\t\t\t\t<\/div>\n\t\t<div class=\"elementor-element elementor-element-7f40ef7 e-con-full e-flex e-con e-child\" data-id=\"7f40ef7\" data-element_type=\"container\" data-e-type=\"container\">\n\t\t\t\t\t\t\t\n\t\t<img class=\"e-image-base \" \n\t\t\t\t\tdata-interaction-id=\"2d8feb9c\" \n\t\t \n\t\t \n\t\t\t\t\t\t\t\t\tid=\"309\"\n\t\t\t\t\t\t\t\t\t\t\t\tsrc=\"https:\/\/viverax.com\/pl\/wp-content\/uploads\/sites\/5\/2026\/03\/Gemini_Generated_Image_viyl4uviyl4uviyl.webp\"\n\t\t\t\t\t\t\t\t\t\t\t\twidth=\"2048\"\n\t\t\t\t\t\t\t\t\t\t\t\theight=\"2048\"\n\t\t\t\t\t\t\t\t\t\t\t\tsrcset=\"https:\/\/viverax.com\/pl\/wp-content\/uploads\/sites\/5\/2026\/03\/Gemini_Generated_Image_viyl4uviyl4uviyl.webp 2048w, https:\/\/viverax.com\/pl\/wp-content\/uploads\/sites\/5\/2026\/03\/Gemini_Generated_Image_viyl4uviyl4uviyl-150x150.webp 150w, https:\/\/viverax.com\/pl\/wp-content\/uploads\/sites\/5\/2026\/03\/Gemini_Generated_Image_viyl4uviyl4uviyl-300x300.webp 300w, https:\/\/viverax.com\/pl\/wp-content\/uploads\/sites\/5\/2026\/03\/Gemini_Generated_Image_viyl4uviyl4uviyl-100x100.webp 100w, https:\/\/viverax.com\/pl\/wp-content\/uploads\/sites\/5\/2026\/03\/Gemini_Generated_Image_viyl4uviyl4uviyl-768x768.webp 768w, https:\/\/viverax.com\/pl\/wp-content\/uploads\/sites\/5\/2026\/03\/Gemini_Generated_Image_viyl4uviyl4uviyl-1024x1024.webp 1024w, https:\/\/viverax.com\/pl\/wp-content\/uploads\/sites\/5\/2026\/03\/Gemini_Generated_Image_viyl4uviyl4uviyl-1536x1536.webp 1536w\"\n\t\t\t\t\t\t\t\t\t\t\t\talt=\"\"\n\t\t\t\t\t\t\/>\n\t\t\t\t\t\t\t\t<h2 \n\t\tdata-interaction-id=\"2e3fb4fe\" \n\t\tclass=\"e-2e3fb4fe-af9f753 e-heading-base\" \n\t\t \n\t\t\n\t>\n\t\n\t\t\tZdrowie\n\t\t<\/h2>\n\t\t\t\t\t\t\t\t<p class=\"e-5679755b-f3a0506 e-paragraph-base\" data-interaction-id=\"5679755b\"  >\n\t\t\t\t\t\t\t\tDbanie o zdrowie to podstawa dobrego samopoczucia i wysokiej jako\u015bci \u017cycia. W tej kategorii znajdziesz informacje o produktach i rozwi\u0105zaniach, kt\u00f3re wspieraj\u0105 odporno\u015b\u0107, prawid\u0142owe funkcjonowanie organizmu oraz zapobieganie chorobom. Od naturalnych suplement\u00f3w po codzienne nawyki \u2013 wszystko, czego potrzebujesz, aby cieszy\u0107 si\u0119 energi\u0105 i witalno\u015bci\u0105 przez ca\u0142y rok.\n\t\t\t\t\t<\/p>\n\t\t\t\t<\/div>\n\t\t<div class=\"elementor-element elementor-element-236ce399 e-con-full e-flex e-con e-child\" data-id=\"236ce399\" data-element_type=\"container\" data-e-type=\"container\">\n\t\t\t\t\t\t\t\n\t\t<img class=\"e-image-base \" \n\t\t\t\t\tdata-interaction-id=\"3daf25e4\" \n\t\t \n\t\t \n\t\t\t\t\t\t\t\t\tid=\"308\"\n\t\t\t\t\t\t\t\t\t\t\t\tsrc=\"https:\/\/viverax.com\/pl\/wp-content\/uploads\/sites\/5\/2026\/03\/Gemini_Generated_Image_am41team41team41.webp\"\n\t\t\t\t\t\t\t\t\t\t\t\twidth=\"2048\"\n\t\t\t\t\t\t\t\t\t\t\t\theight=\"2048\"\n\t\t\t\t\t\t\t\t\t\t\t\tsrcset=\"https:\/\/viverax.com\/pl\/wp-content\/uploads\/sites\/5\/2026\/03\/Gemini_Generated_Image_am41team41team41.webp 2048w, https:\/\/viverax.com\/pl\/wp-content\/uploads\/sites\/5\/2026\/03\/Gemini_Generated_Image_am41team41team41-150x150.webp 150w, https:\/\/viverax.com\/pl\/wp-content\/uploads\/sites\/5\/2026\/03\/Gemini_Generated_Image_am41team41team41-300x300.webp 300w, https:\/\/viverax.com\/pl\/wp-content\/uploads\/sites\/5\/2026\/03\/Gemini_Generated_Image_am41team41team41-100x100.webp 100w, https:\/\/viverax.com\/pl\/wp-content\/uploads\/sites\/5\/2026\/03\/Gemini_Generated_Image_am41team41team41-768x768.webp 768w, https:\/\/viverax.com\/pl\/wp-content\/uploads\/sites\/5\/2026\/03\/Gemini_Generated_Image_am41team41team41-1024x1024.webp 1024w, https:\/\/viverax.com\/pl\/wp-content\/uploads\/sites\/5\/2026\/03\/Gemini_Generated_Image_am41team41team41-1536x1536.webp 1536w\"\n\t\t\t\t\t\t\t\t\t\t\t\talt=\"\"\n\t\t\t\t\t\t\/>\n\t\t\t\t\t\t\t\t<h2 \n\t\tdata-interaction-id=\"37d4496a\" \n\t\tclass=\"e-37d4496a-63196f6 e-heading-base\" \n\t\t \n\t\t\n\t>\n\t\n\t\t\tZdrowie doros\u0142ych\n\t\t<\/h2>\n\t\t\t\t\t\t\t\t<p class=\"e-1b9e07fd-43fabc6 e-paragraph-base\" data-interaction-id=\"1b9e07fd\"  >\n\t\t\t\t\t\t\t\tZ wiekiem zmieniaj\u0105 si\u0119 potrzeby naszego organizmu, a utrzymanie dobrej kondycji fizycznej i psychicznej staje si\u0119 jeszcze wa\u017cniejsze. Tutaj odkryjesz produkty i porady stworzone specjalnie z my\u015bl\u0105 o doros\u0142ych \u2014 wspieraj\u0105ce serce, stawy, r\u00f3wnowag\u0119 hormonaln\u0105 i og\u00f3ln\u0105 witalno\u015b\u0107. Dzi\u0119ki tym zasobom mo\u017cesz cieszy\u0107 si\u0119 aktywnym i zdrowym stylem \u017cycia niezale\u017cnie od wieku.\n\t\t\t\t\t<\/p>\n\t\t\t\t<\/div>\n\t\t\t\t\t<\/div>\n\t\t\t\t<\/div>\n\t\t<div class=\"elementor-element elementor-element-58584897 e-flex e-con-boxed e-con e-parent\" data-id=\"58584897\" data-element_type=\"container\" data-e-type=\"container\">\n\t\t\t\t\t<div class=\"e-con-inner\">\n\t\t\t\t\t\t\t<h2 \n\t\tdata-interaction-id=\"2bd7bafc\" \n\t\tclass=\"e-2bd7bafc-c944f83 e-heading-base\" \n\t\t \n\t\t\n\t>\n\t\n\t\t\tPromienne pi\u0119kno, zdrowy umys\u0142.Daje Ci si\u0142\u0119, by cieszy\u0107 si\u0119 ka\u017cd\u0105 chwil\u0105.\n\t\t<\/h2>\n\t\t\t\t\t<\/div>\n\t\t\t\t<\/div>\n\t\t<div class=\"elementor-element elementor-element-2e3a75ed e-flex e-con-boxed e-con e-parent\" data-id=\"2e3a75ed\" data-element_type=\"container\" data-e-type=\"container\">\n\t\t\t\t\t<div class=\"e-con-inner\">\n\t\t<div class=\"elementor-element elementor-element-182842c5 e-con-full e-flex e-con e-child\" data-id=\"182842c5\" data-element_type=\"container\" data-e-type=\"container\">\n\t\t<div class=\"elementor-element elementor-element-5a049840 e-con-full e-flex e-con e-child\" data-id=\"5a049840\" data-element_type=\"container\" data-e-type=\"container\">\n\t\t\t\t\t\t\t<h2 \n\t\tdata-interaction-id=\"49bbef32\" \n\t\tclass=\"e-49bbef32-c7eb2d7 e-heading-base\" \n\t\t \n\t\t\n\t>\n\t\n\t\t\tOdkryj sprawdzone sposoby, by wygl\u0105da\u0107 i czu\u0107 si\u0119 jak najlepiej.\n\t\t<\/h2>\n\t\t\t\t\t\t\t\t<p class=\"e-1ffe3d66-d615b76 e-paragraph-base\" data-interaction-id=\"1ffe3d66\"  >\n\t\t\t\t\t\t\t\tKa\u017cdy dzie\u0144 to nowa okazja, aby zadba\u0107 o swoje dobre samopoczucie. Euromed to Twoje zaufane \u017ar\u00f3d\u0142o rzetelnych informacji o zdrowiu, urodzie i stylu \u017cycia \u2013 od profilaktyki po nowo\u015bci w suplementacji diety.Nasze profesjonalnie opracowane tre\u015bci pomagaj\u0105 w podejmowaniu \u015bwiadomych decyzji i wprowadzaniu zmian, kt\u00f3re realnie podnosz\u0105 jako\u015b\u0107 \u017cycia.\u0141\u0105cz\u0105c nowoczesne strategie wellness z naturalnymi rozwi\u0105zaniami dla urody, Euromed inspiruje do poszukiwania produkt\u00f3w idealnie dopasowanych do Twoich unikalnych potrzeb. Do\u0142\u0105cz do nas, aby poczu\u0107 si\u0119 pewnie we w\u0142asnej sk\u00f3rze i czerpa\u0107 z ka\u017cdego dnia pe\u0142ni\u0119 energii.\n\t\t\t\t\t<\/p>\n\t\t\t\t<\/div>\n\t\t\t\t<\/div>\n\t\t<div class=\"elementor-element elementor-element-5cf30278 e-con-full e-flex e-con e-child\" data-id=\"5cf30278\" data-element_type=\"container\" data-e-type=\"container\">\n\t\t\t\t\t\t\t\n\t\t<img class=\"e-image-base \" \n\t\t\t\t\tdata-interaction-id=\"7bb8f4ae\" \n\t\t \n\t\t \n\t\t\t\t\t\t\t\t\tid=\"427\"\n\t\t\t\t\t\t\t\t\t\t\t\tsrc=\"https:\/\/viverax.com\/pl\/wp-content\/uploads\/sites\/5\/2026\/03\/Gemini_Generated_Image_yal3vdyal3vdyal3.webp\"\n\t\t\t\t\t\t\t\t\t\t\t\twidth=\"1696\"\n\t\t\t\t\t\t\t\t\t\t\t\theight=\"2528\"\n\t\t\t\t\t\t\t\t\t\t\t\tsrcset=\"https:\/\/viverax.com\/pl\/wp-content\/uploads\/sites\/5\/2026\/03\/Gemini_Generated_Image_yal3vdyal3vdyal3.webp 1696w, https:\/\/viverax.com\/pl\/wp-content\/uploads\/sites\/5\/2026\/03\/Gemini_Generated_Image_yal3vdyal3vdyal3-300x447.webp 300w, https:\/\/viverax.com\/pl\/wp-content\/uploads\/sites\/5\/2026\/03\/Gemini_Generated_Image_yal3vdyal3vdyal3-201x300.webp 201w, https:\/\/viverax.com\/pl\/wp-content\/uploads\/sites\/5\/2026\/03\/Gemini_Generated_Image_yal3vdyal3vdyal3-768x1145.webp 768w, https:\/\/viverax.com\/pl\/wp-content\/uploads\/sites\/5\/2026\/03\/Gemini_Generated_Image_yal3vdyal3vdyal3-687x1024.webp 687w, https:\/\/viverax.com\/pl\/wp-content\/uploads\/sites\/5\/2026\/03\/Gemini_Generated_Image_yal3vdyal3vdyal3-1030x1536.webp 1030w, https:\/\/viverax.com\/pl\/wp-content\/uploads\/sites\/5\/2026\/03\/Gemini_Generated_Image_yal3vdyal3vdyal3-1374x2048.webp 1374w\"\n\t\t\t\t\t\t\t\t\t\t\t\talt=\"\"\n\t\t\t\t\t\t\/>\n\t\t\t\t\t<\/div>\n\t\t\t\t\t<\/div>\n\t\t\t\t<\/div>\n\t\t<div class=\"elementor-element elementor-element-3aac00b9 e-flex e-con-boxed e-con e-parent\" data-id=\"3aac00b9\" data-element_type=\"container\" data-e-type=\"container\" data-settings=\"{&quot;background_background&quot;:&quot;classic&quot;}\">\n\t\t\t\t\t<div class=\"e-con-inner\">\n\t\t\t\t\t\t\t<h2 \n\t\tdata-interaction-id=\"5ca5b383\" \n\t\tclass=\"e-5ca5b383-ed7ef4b e-heading-base\" \n\t\t \n\t\t\n\t>\n\t\n\t\t\tNasze produkty\n\t\t<\/h2>\n\t\t\t\t\t\t\t\t<p class=\"e-73bc5ba6-4c50c82 e-paragraph-base\" data-interaction-id=\"73bc5ba6\"  >\n\t\t\t\t\t\t\t\tStarannie wyselekcjonowali\u015bmy asortyment produkt\u00f3w stworzonych po to, by wspiera\u0107 Twoje zdrowie, dba\u0107 o kondycj\u0119 i podkre\u015bla\u0107 urod\u0119. Odkryj, jak nasze niezb\u0119dne produkty mog\u0105 wzbogaci\u0107 Twoj\u0105 codzienn\u0105 rutyn\u0119 i pom\u00f3c Ci poczu\u0107 r\u00f3\u017cnic\u0119 ka\u017cdego dnia.\n\t\t\t\t\t<\/p>\n\t\t\t\t\t    \t            <a\n            \t\t\thref=\"https:\/\/viverax.com\/pl\/produkty\/\"\n        target=\"_self\"\n            class=\"e-602c1bf1-f8afd1f e-button-base\"\n            data-interaction-id=\"602c1bf1\"\n             \n        >\n            Produkty\n        <\/a>\n    \t\t\t\t\t<\/div>\n\t\t\t\t<\/div>\n\t\t\t\t<\/div>\n\t\t","protected":false},"excerpt":{"rendered":"<p>Viverax Zdrowie i uroda. W najlepszym wydaniu ka\u017cdego dnia. Katalog produkt\u00f3w Odchudzanie Osi\u0105gni\u0119cie i utrzymanie zdrowej masy cia\u0142a to proces, [&hellip;]<\/p>\n","protected":false},"author":1,"featured_media":0,"parent":0,"menu_order":0,"comment_status":"closed","ping_status":"closed","template":"","meta":{"site-sidebar-layout":"no-sidebar","site-content-layout":"","ast-site-content-layout":"full-width-container","site-content-style":"default","site-sidebar-style":"default","ast-global-header-display":"","ast-banner-title-visibility":"","ast-main-header-display":"","ast-hfb-above-header-display":"","ast-hfb-below-header-display":"","ast-hfb-mobile-header-display":"","site-post-title":"disabled","ast-breadcrumbs-content":"","ast-featured-img":"disabled","footer-sml-layout":"","ast-disable-related-posts":"","theme-transparent-header-meta":"enabled","adv-header-id-meta":"","stick-header-meta":"","header-above-stick-meta":"","header-main-stick-meta":"","header-below-stick-meta":"","astra-migrate-meta-layouts":"default","ast-page-background-enabled":"default","ast-page-background-meta":{"desktop":{"background-color":"var(--ast-global-color-5)","background-image":"","background-repeat":"repeat","background-position":"center center","background-size":"auto","background-attachment":"scroll","background-type":"","background-media":"","overlay-type":"","overlay-color":"","overlay-opacity":"","overlay-gradient":""},"tablet":{"background-color":"","background-image":"","background-repeat":"repeat","background-position":"center center","background-size":"auto","background-attachment":"scroll","background-type":"","background-media":"","overlay-type":"","overlay-color":"","overlay-opacity":"","overlay-gradient":""},"mobile":{"background-color":"","background-image":"","background-repeat":"repeat","background-position":"center center","background-size":"auto","background-attachment":"scroll","background-type":"","background-media":"","overlay-type":"","overlay-color":"","overlay-opacity":"","overlay-gradient":""}},"ast-content-background-meta":{"desktop":{"background-color":"var(--ast-global-color-4)","background-image":"","background-repeat":"repeat","background-position":"center center","background-size":"auto","background-attachment":"scroll","background-type":"","background-media":"","overlay-type":"","overlay-color":"","overlay-opacity":"","overlay-gradient":""},"tablet":{"background-color":"var(--ast-global-color-4)","background-image":"","background-repeat":"repeat","background-position":"center center","background-size":"auto","background-attachment":"scroll","background-type":"","background-media":"","overlay-type":"","overlay-color":"","overlay-opacity":"","overlay-gradient":""},"mobile":{"background-color":"var(--ast-global-color-4)","background-image":"","background-repeat":"repeat","background-position":"center center","background-size":"auto","background-attachment":"scroll","background-type":"","background-media":"","overlay-type":"","overlay-color":"","overlay-opacity":"","overlay-gradient":""}},"footnotes":""},"class_list":["post-11","page","type-page","status-publish","hentry"],"_links":{"self":[{"href":"https:\/\/viverax.com\/pl\/wp-json\/wp\/v2\/pages\/11","targetHints":{"allow":["GET"]}}],"collection":[{"href":"https:\/\/viverax.com\/pl\/wp-json\/wp\/v2\/pages"}],"about":[{"href":"https:\/\/viverax.com\/pl\/wp-json\/wp\/v2\/types\/page"}],"author":[{"embeddable":true,"href":"https:\/\/viverax.com\/pl\/wp-json\/wp\/v2\/users\/1"}],"replies":[{"embeddable":true,"href":"https:\/\/viverax.com\/pl\/wp-json\/wp\/v2\/comments?post=11"}],"version-history":[{"count":501,"href":"https:\/\/viverax.com\/pl\/wp-json\/wp\/v2\/pages\/11\/revisions"}],"predecessor-version":[{"id":1275,"href":"https:\/\/viverax.com\/pl\/wp-json\/wp\/v2\/pages\/11\/revisions\/1275"}],"wp:attachment":[{"href":"https:\/\/viverax.com\/pl\/wp-json\/wp\/v2\/media?parent=11"}],"curies":[{"name":"wp","href":"https:\/\/api.w.org\/{rel}","templated":true}]}}